{"id":1221,"date":"2016-10-06T09:47:47","date_gmt":"2016-10-06T07:47:47","guid":{"rendered":"http:\/\/feuerwehr-suelfeld.de\/feuerwehr\/?page_id=1221"},"modified":"2016-10-06T10:22:35","modified_gmt":"2016-10-06T08:22:35","slug":"brandschutzerziehung","status":"publish","type":"page","link":"http:\/\/feuerwehr-suelfeld.de\/feuerwehr\/unsere-technik\/brandschutzerziehung\/","title":{"rendered":"Brandschutzerziehung im Kindergarten"},"content":{"rendered":"<div style=\"text-align: justify;\">J\u00e4hrlich kommen in Deutschland ca. 120 Kinder durch Rauch und Flammen ums Leben, hinzu kommen noch eine ehrhebliche Zahl an Brandverletzungen mit teils lebensgef\u00e4hrlichen Folgen. Eine Fr\u00fchzeitige und kindgerechte Brandschutzerziehung kann lebensrettend sein.<\/p>\n<p style=\"text-align: justify;\">Ziel der Brandschutzerziehung ist den Kindern fr\u00fchzeitig die Gefahren des Feuers und des Rauches aufzuzeigen und ihnen richtiges Verhalten im Gefahrenfall beizubringen. Neben den Aufgaben der Feuerwehr wird auch darauf eingegangen &#8211; Was brennt? &#8211; Was brennt nicht?<\/p>\n<p style=\"text-align: justify;\">Schwerpunkt der Ausbildung ist das richtige Verhalten im Brandfall,<br \/>\ndie Kinder lernen z.B. dass sie sich nicht verstecken sollen und wie sie sich verhalten sollen wenn es doch einmal brennt.<\/p>\n<\/div>\n","protected":false},"excerpt":{"rendered":"<p>J\u00e4hrlich kommen in Deutschland ca. 120 Kinder durch Rauch und Flammen ums Leben, hinzu kommen noch eine ehrhebliche Zahl an Brandverletzungen mit teils lebensgef\u00e4hrlichen Folgen. Eine Fr\u00fchzeitige und kindgerechte Brandschutzerziehung kann lebensrettend sein. Ziel der Brandschutzerziehung ist den Kindern fr\u00fchzeitig die Gefahren des Feuers und des Rauches aufzuzeigen und ihnen richtiges Verhalten im Gefahrenfall beizubringen. Neben den Aufgaben der Feuerwehr wird auch darauf eingegangen &#8211; Was brennt? &#8211; Was brennt nicht? Schwerpunkt der Ausbildung ist das richtige Verhalten im Brandfall, die Kinder lernen z.B. dass sie sich nicht verstecken sollen und wie sie sich verhalten sollen wenn es doch einmal brennt.<\/p>\n","protected":false},"author":4,"featured_media":0,"parent":11,"menu_order":6,"comment_status":"closed","ping_status":"closed","template":"","meta":{"footnotes":""},"class_list":["post-1221","page","type-page","status-publish","hentry"],"_links":{"self":[{"href":"http:\/\/feuerwehr-suelfeld.de\/feuerwehr\/wp-json\/wp\/v2\/pages\/1221","targetHints":{"allow":["GET"]}}],"collection":[{"href":"http:\/\/feuerwehr-suelfeld.de\/feuerwehr\/wp-json\/wp\/v2\/pages"}],"about":[{"href":"http:\/\/feuerwehr-suelfeld.de\/feuerwehr\/wp-json\/wp\/v2\/types\/page"}],"author":[{"embeddable":true,"href":"http:\/\/feuerwehr-suelfeld.de\/feuerwehr\/wp-json\/wp\/v2\/users\/4"}],"replies":[{"embeddable":true,"href":"http:\/\/feuerwehr-suelfeld.de\/feuerwehr\/wp-json\/wp\/v2\/comments?post=1221"}],"version-history":[{"count":4,"href":"http:\/\/feuerwehr-suelfeld.de\/feuerwehr\/wp-json\/wp\/v2\/pages\/1221\/revisions"}],"predecessor-version":[{"id":1230,"href":"http:\/\/feuerwehr-suelfeld.de\/feuerwehr\/wp-json\/wp\/v2\/pages\/1221\/revisions\/1230"}],"up":[{"embeddable":true,"href":"http:\/\/feuerwehr-suelfeld.de\/feuerwehr\/wp-json\/wp\/v2\/pages\/11"}],"wp:attachment":[{"href":"http:\/\/feuerwehr-suelfeld.de\/feuerwehr\/wp-json\/wp\/v2\/media?parent=1221"}],"curies":[{"name":"wp","href":"https:\/\/api.w.org\/{rel}","templated":true}]}}