{"id":1274,"date":"2016-10-06T15:18:20","date_gmt":"2016-10-06T13:18:20","guid":{"rendered":"http:\/\/feuerwehr-suelfeld.de\/feuerwehr\/?page_id=1274"},"modified":"2016-10-06T21:15:49","modified_gmt":"2016-10-06T19:15:49","slug":"grillen-sicherer-umgang","status":"publish","type":"page","link":"http:\/\/feuerwehr-suelfeld.de\/feuerwehr\/neuigkeiten\/infothek\/grillen-sicherer-umgang\/","title":{"rendered":"Grillen &#8211; sicherer Umgang"},"content":{"rendered":"<p style=\"text-align: justify;\">Kaum klettern die Temperaturen am Thermometer, beginnt wieder die Grillsaison. Doch Fehler beim Anz\u00fcnden oder beim Betreiben des Grills k\u00f6nnen sich \u201ebrandhei\u00df\u201c oder sogar lebensgef\u00e4hrlich auswirken. Eine \u201eabgebrannte\u201c Gartenparty oder \u00e4u\u00dferst schwere und schmerzhafte Verbrennungen (von K\u00f6rperteilen) sind keine Seltenheit. Im Extremfall kann es sogar zu einem t\u00f6dlichen Unfall kommen.<\/p>\n<p style=\"text-align: justify;\">Was kaum jemand wei\u00df, ist, dass sich jedes Jahr allein in <strong><span style=\"color: #ff0000;\">Deutschland etwa 4.000 Grillunf\u00e4lle<\/span><\/strong> ereignen, rund <strong><span style=\"color: #ff0000;\">400 enden mit schwersten Brandverletzungen<\/span><\/strong>. Wer Brandbeschleuniger wie Spiritus eingesetzt, um Grillkohle schneller zu entfachen, begibt sich und andere in Gefahr. Gef\u00e4hrliche Verpuffungen mit meterhohen Flammenw\u00e4nden und R\u00fcckz\u00fcndungen sind die Folge \u2013 fatal <img loading=\"lazy\" decoding=\"async\" class=\" wp-image-1300 alignleft\" src=\"http:\/\/feuerwehr-suelfeld.de\/feuerwehr\/wp-content\/uploads\/2016\/10\/Flammen-beim-Grillen-vermeiden2-300x200.jpg\" alt=\"flammen-beim-grillen-vermeiden2\" width=\"437\" height=\"291\" srcset=\"http:\/\/feuerwehr-suelfeld.de\/feuerwehr\/wp-content\/uploads\/2016\/10\/Flammen-beim-Grillen-vermeiden2-300x200.jpg 300w, http:\/\/feuerwehr-suelfeld.de\/feuerwehr\/wp-content\/uploads\/2016\/10\/Flammen-beim-Grillen-vermeiden2-768x512.jpg 768w, http:\/\/feuerwehr-suelfeld.de\/feuerwehr\/wp-content\/uploads\/2016\/10\/Flammen-beim-Grillen-vermeiden2.jpg 843w\" sizes=\"auto, (max-width: 437px) 100vw, 437px\" \/>f\u00fcr alle umstehenden Personen.<\/p>\n<p style=\"text-align: justify;\">Verdeutlichen kann man sich die Gefahren daran, dass die aus dem <strong><span style=\"color: #ff0000;\">Grill lodernden Flammen ca. 800 Grad Celsius, die Glut und das Rost ca. 500 Grad Celsius<\/span><\/strong> und das <strong><span style=\"color: #ff0000;\">Geh\u00e4use eines Metallgrills noch ca. 400 Grad Celsius<\/span><\/strong> Temperatur haben.<\/p>\n<p style=\"text-align: justify;\">\u201eGrillunf\u00e4lle sind zu 100% vermeidbar\u201c, erkl\u00e4rt Anneliese Stapelfeldt, stellvertretende Vorsitzende von Paulinchen \u2013 Initiative f\u00fcr brandverletzte Kinder e.V. \u201eVerzichten Sie auf Brandbeschleuniger beim Grillen und sch\u00fctzen Sie so Ihre Familie!\u201c Besonders tragisch enden diese Unf\u00e4lle f\u00fcr Kinder, die auf Augenh\u00f6he mit dem Grill stehen und meist frontal im Gesicht und am Oberk\u00f6rper von der Flammenwand erfasst werden.<\/p>\n<p style=\"text-align: justify;\">Gro\u00dffl\u00e4chige Verbrennungen von mehr als 50% der K\u00f6rperoberfl\u00e4che sind hier keine Seltenheit. Schwerste Brandverletzungen sind die Folge von Grillunf\u00e4llen mit Spiritus oder anderen Brandbeschleunigern.<\/p>\n<h3>Tipps zum sicheren Grillen<\/h3>\n<ol>\n<li>Grillger\u00e4te kippsicher im Windschatten und in sicherer Entfernung von anderen brennbaren Materialien aufstellen<\/li>\n<li>nur feste Grillanz\u00fcnder aus dem Fachhandel verwenden<\/li>\n<li>niemals Spiritus oder andere Brandbeschleuniger verwenden, weder zum Anz\u00fcnden noch zum Nachsch\u00fctten auf zu langsam brennende Grillholzkohle<img loading=\"lazy\" decoding=\"async\" class=\"size-full wp-image-1280 alignright\" src=\"http:\/\/feuerwehr-suelfeld.de\/feuerwehr\/wp-content\/uploads\/2016\/10\/Bildschirmfoto-2016-10-06-um-15.33.16.png\" alt=\"bildschirmfoto-2016-10-06-um-15-33-16\" width=\"106\" height=\"227\" \/><\/li>\n<li>den Grill nicht unbeaufsichtigt lassen<\/li>\n<li>den Grill nicht von Kindern bedienen oder anz\u00fcnden lassen<\/li>\n<li>Kinder d\u00fcrfen nicht in Reichweite des Grills spielen &#8211; Sicherheitsabstand von mindestens 2 bis 3 Metern<\/li>\n<li>Grillfeuer und die Glut nach dem Grillen vollst\u00e4ndig l\u00f6schen und ausk\u00fchlen lassen &#8211; auch dabei nicht unbeaufsichtigt lassen<\/li>\n<li>einen K\u00fcbel mit Sand, Feuerl\u00f6scher oder L\u00f6schdecke zum L\u00f6schen des Grillfeuers bereithalten<\/li>\n<li>brennendes Fett niemals mit Wasser, sondern durch Abdecken l\u00f6schen<\/li>\n<li>nicht in geschlossenen R\u00e4umen grillen und den Grill niemals zum Ausk\u00fchlen ins Zimmer\/in die Wohnung stellen &#8211; Es besteht Vergiftungsgefahr!<\/li>\n<\/ol>\n<h3 style=\"text-align: justify;\"><strong>Grillen mit Kindern <\/strong><\/h3>\n<p style=\"text-align: justify;\">Besondere vorsichtig gilt es zu sein wenn Kinder beim Grillen dabei sind! Denn Kinder sind neugierig. Feuer ist f\u00fcr sie etwas ganz Besonderes: Es raucht, es zischt, da tut sich was! Doch leider kommt es immer wieder vor, dass Kinder beim Grillen schwer verletzt werden.<\/p>\n<h3 style=\"text-align: justify;\"><strong>Die Gr\u00fcnde <\/strong><\/h3>\n<ul style=\"text-align: justify;\">\n<li>Kinder k\u00f6nnen die Gefahr nicht einsch\u00e4tzen.<\/li>\n<li>Erwachsene sind h\u00e4ufig unachtsam. Sie konzentrieren sich auf das Feuer und vergessen dabei, auf die Kinder aufzupassen. Vor allem dann, wenn Alkohol im Spiel ist.<\/li>\n<li>Es ist schon oft genug vorgekommen, dass Kinder oder Haustiere versehentlich gegen den Grill gesto\u00dfen sind und damit schlimme Unf\u00e4lle ausgel\u00f6st haben.<\/li>\n<li>Immer wieder kommt es zu Vergiftungen, weil Kinder an Grillanz\u00fcndern genippt haben.<\/li>\n<\/ul>\n<p style=\"text-align: justify;\">Sollte es zu <strong><span style=\"color: #ff0000;\">Brandverletzungen<\/span><\/strong> kommen <strong><span style=\"color: #ff0000;\">K\u00fchlen<\/span><\/strong> Sie Brandwunden <img loading=\"lazy\" decoding=\"async\" class=\"size-medium wp-image-1328 alignleft\" src=\"http:\/\/feuerwehr-suelfeld.de\/feuerwehr\/wp-content\/uploads\/2016\/10\/rettungsdienst_112-300x278.jpg\" alt=\"rettungsdienst_112\" width=\"300\" height=\"278\" \/><strong><span style=\"color: #ff0000;\">ca. 10-20 Minuten<\/span><\/strong> lang mit <strong><span style=\"color: #ff0000;\">k\u00fchlem, sauberem Wasser<\/span><\/strong>. Ab etwa 10% verbrannter Hautoberfl\u00e4che ist der Grillunfall ein Fall f\u00fcr den Notarzt! Rufen Sie dann unverz\u00fcglich Hilfe \u00fcber den <strong><span style=\"color: #ff0000;\">Notruf 112<\/span><\/strong>.<\/p>\n<p style=\"text-align: justify;\"><strong><span style=\"color: #ff0000;\">Bei Kindern gilt:<\/span><\/strong> Schon eine Brandverletzung in der Gr\u00f6\u00dfe eines 2 Euro-St\u00fccks mu\u00df vom Notarzt versorgt werden. Decken Sie die Wunde nach der K\u00fchlung m\u00f6glichst keimfrei ab.<\/p>\n<p style=\"text-align: justify;\">Verwenden Sie jedoch <strong><span style=\"color: #ff0000;\">niemals Haushaltsmittel wie Mehl oder \u00c4hnliches<\/span><\/strong>. Betreuen Sie den Patienten bis zum Eintreffen des Rettungsdienstes. Suchen Sie auch bei kleineren Verbrennungen baldm\u00f6glichst den Arzt auf.<\/p>\n","protected":false},"excerpt":{"rendered":"<p>Kaum klettern die Temperaturen am Thermometer, beginnt wieder die Grillsaison. Doch Fehler beim Anz\u00fcnden oder beim Betreiben des Grills k\u00f6nnen sich \u201ebrandhei\u00df\u201c oder sogar lebensgef\u00e4hrlich auswirken. Eine \u201eabgebrannte\u201c Gartenparty oder \u00e4u\u00dferst schwere und schmerzhafte Verbrennungen (von K\u00f6rperteilen) sind keine Seltenheit. Im Extremfall kann es sogar zu einem t\u00f6dlichen Unfall kommen. Was kaum jemand wei\u00df, ist, dass sich jedes Jahr allein in Deutschland etwa 4.000 Grillunf\u00e4lle ereignen, rund 400 enden mit schwersten Brandverletzungen. Wer Brandbeschleuniger wie Spiritus eingesetzt, um Grillkohle schneller zu entfachen, begibt sich und andere in Gefahr. Gef\u00e4hrliche Verpuffungen mit meterhohen Flammenw\u00e4nden und R\u00fcckz\u00fcndungen sind die Folge \u2013 fatal f\u00fcr alle umstehenden Personen. Verdeutlichen kann man sich die Gefahren daran, dass die aus dem Grill lodernden Flammen ca. 800 Grad Celsius, die Glut und das Rost ca. 500 Grad Celsius und das Geh\u00e4use eines Metallgrills noch ca. 400 Grad Celsius Temperatur haben. \u201eGrillunf\u00e4lle sind zu 100% vermeidbar\u201c, erkl\u00e4rt Anneliese Stapelfeldt, stellvertretende Vorsitzende von Paulinchen \u2013 Initiative f\u00fcr brandverletzte Kinder e.V. \u201eVerzichten Sie auf Brandbeschleuniger beim Grillen und sch\u00fctzen Sie so Ihre Familie!\u201c Besonders tragisch enden diese Unf\u00e4lle f\u00fcr Kinder, die auf Augenh\u00f6he mit dem Grill stehen und meist frontal im Gesicht und am Oberk\u00f6rper von der Flammenwand erfasst werden. Gro\u00dffl\u00e4chige Verbrennungen von mehr als 50% der K\u00f6rperoberfl\u00e4che sind hier keine Seltenheit. Schwerste Brandverletzungen sind die Folge von Grillunf\u00e4llen mit Spiritus oder anderen Brandbeschleunigern. Tipps zum sicheren Grillen Grillger\u00e4te kippsicher im Windschatten und in sicherer Entfernung von anderen brennbaren Materialien aufstellen nur feste Grillanz\u00fcnder aus dem Fachhandel verwenden niemals Spiritus oder andere Brandbeschleuniger verwenden, weder zum Anz\u00fcnden noch zum Nachsch\u00fctten auf zu langsam brennende Grillholzkohle den Grill nicht unbeaufsichtigt lassen den Grill nicht von Kindern bedienen oder anz\u00fcnden lassen Kinder d\u00fcrfen nicht in Reichweite des Grills spielen &#8211; Sicherheitsabstand von mindestens 2 bis 3 Metern Grillfeuer und die Glut nach<\/p>\n","protected":false},"author":4,"featured_media":0,"parent":1237,"menu_order":0,"comment_status":"closed","ping_status":"closed","template":"","meta":{"footnotes":""},"class_list":["post-1274","page","type-page","status-publish","hentry"],"_links":{"self":[{"href":"http:\/\/feuerwehr-suelfeld.de\/feuerwehr\/wp-json\/wp\/v2\/pages\/1274","targetHints":{"allow":["GET"]}}],"collection":[{"href":"http:\/\/feuerwehr-suelfeld.de\/feuerwehr\/wp-json\/wp\/v2\/pages"}],"about":[{"href":"http:\/\/feuerwehr-suelfeld.de\/feuerwehr\/wp-json\/wp\/v2\/types\/page"}],"author":[{"embeddable":true,"href":"http:\/\/feuerwehr-suelfeld.de\/feuerwehr\/wp-json\/wp\/v2\/users\/4"}],"replies":[{"embeddable":true,"href":"http:\/\/feuerwehr-suelfeld.de\/feuerwehr\/wp-json\/wp\/v2\/comments?post=1274"}],"version-history":[{"count":50,"href":"http:\/\/feuerwehr-suelfeld.de\/feuerwehr\/wp-json\/wp\/v2\/pages\/1274\/revisions"}],"predecessor-version":[{"id":1329,"href":"http:\/\/feuerwehr-suelfeld.de\/feuerwehr\/wp-json\/wp\/v2\/pages\/1274\/revisions\/1329"}],"up":[{"embeddable":true,"href":"http:\/\/feuerwehr-suelfeld.de\/feuerwehr\/wp-json\/wp\/v2\/pages\/1237"}],"wp:attachment":[{"href":"http:\/\/feuerwehr-suelfeld.de\/feuerwehr\/wp-json\/wp\/v2\/media?parent=1274"}],"curies":[{"name":"wp","href":"https:\/\/api.w.org\/{rel}","templated":true}]}}