{"id":1332,"date":"2016-10-06T21:50:15","date_gmt":"2016-10-06T19:50:15","guid":{"rendered":"http:\/\/feuerwehr-suelfeld.de\/feuerwehr\/?page_id=1332"},"modified":"2016-10-06T22:30:09","modified_gmt":"2016-10-06T20:30:09","slug":"paulinchen-e-v","status":"publish","type":"page","link":"http:\/\/feuerwehr-suelfeld.de\/feuerwehr\/neuigkeiten\/infothek\/paulinchen-e-v\/","title":{"rendered":"Paulinchen e.V."},"content":{"rendered":"<div style=\"text-align: justify;\" data-canvas-width=\"230.83200000000002\">wurde 1993 gegr\u00fcndet, um Familien mit brand verletzten Kindern und Jugendlichen zu beraten, diesen bei Problemen w\u00e4hrend der Rehabilitationszeit zu helfen sowie pr\u00e4ventiv auf die Unfallursachen hinzuweisen. Der Verein arbeitet bundesweit und ist vom Finanzamt als gemeinn\u00fctzig anerkannt.<\/div>\n<div style=\"text-align: justify;\" data-canvas-width=\"230.83200000000002\">\n<h4 data-canvas-width=\"141.25466666666665\">Hauptaufgaben<\/h4>\n<ul>\n<li data-canvas-width=\"185.3133333333334\"><span style=\"color: #ff0000;\">Beratung und Kontaktvermittlung<\/span> von Familien mit brandverletzten Kindern und Jugendlichen in jeder Phase nach dem Unfall<\/li>\n<li data-canvas-width=\"52.744\"><span style=\"color: #ff0000;\">Seminare<\/span> als Hilfestellung f\u00fcr die Rehabilitation und die weitere Zukunft<\/li>\n<li data-canvas-width=\"180.56333333333328\"><span style=\"color: #ff0000;\">Interessenvertretung, Lobbyarbeit<\/span><\/li>\n<li data-canvas-width=\"180.56333333333328\"><span style=\"color: #ff0000;\">Pr\u00e4vention<\/span><\/li>\n<\/ul>\n<h4><\/h4>\n<h4>Hintergrund<\/h4>\n<div data-canvas-width=\"11.703999999999997\">\n<p><img loading=\"lazy\" decoding=\"async\" class=\" wp-image-1353 alignleft\" src=\"http:\/\/feuerwehr-suelfeld.de\/feuerwehr\/wp-content\/uploads\/2016\/10\/Bildschirmfoto-2016-10-06-um-22.14.51-218x300.png\" alt=\"bildschirmfoto-2016-10-06-um-22-14-51\" width=\"178\" height=\"245\" srcset=\"http:\/\/feuerwehr-suelfeld.de\/feuerwehr\/wp-content\/uploads\/2016\/10\/Bildschirmfoto-2016-10-06-um-22.14.51-218x300.png 218w, http:\/\/feuerwehr-suelfeld.de\/feuerwehr\/wp-content\/uploads\/2016\/10\/Bildschirmfoto-2016-10-06-um-22.14.51.png 391w\" sizes=\"auto, (max-width: 178px) 100vw, 178px\" \/>Jedes Jahr werden in Deutschland rund 6.000 Kinder durch Verbrennungs- und Verbr\u00fchungsunf\u00e4lle so schwer verletzt, dass sie station\u00e4r im Krankenhaus behandelt werden m\u00fcssen. Die Ursachen sind bei Kleinkindern in 80 % der F\u00e4lle hei\u00dfe Fl\u00fcssigkeiten oder das Ber\u00fchren hei\u00dfer Gegenst\u00e4nde. Bei \u00e4lteren Kindern sind die Ursachen h\u00e4ufiger Grillunf\u00e4lle, Br\u00e4nde, Strom und S\u00e4uren. Die meisten Kinder erleben den Unfall bei vollem Bewusstsein. Nicht nur die Haut der Kinder wird gesch\u00e4digt, sondern die gesamtePers\u00f6nlichkeit in ihren k\u00f6rperlich-seelischen Empfindungen. Die Behandlung ist extrem schmerzhaft und langwierig, die Trennung von der Familie im Krankenhaus belastend und der Heilungsprozess von anstrengenden Therapien gepr\u00e4gt.<\/p>\n<\/div>\n<\/div>\n<div style=\"text-align: justify;\" data-canvas-width=\"238.28533333333337\"><\/div>\n<div data-canvas-width=\"238.28533333333337\">\n<h4 style=\"text-align: justify;\" data-canvas-width=\"102.50533333333334\"><\/h4>\n<h4 style=\"text-align: justify;\" data-canvas-width=\"102.50533333333334\">Beratung &#8230;<\/h4>\n<ul style=\"text-align: justify;\">\n<li data-canvas-width=\"68.45066666666666\"><span style=\"color: #ff0000;\">in der Klinik<\/span><\/li>\n<\/ul>\n<p style=\"text-align: justify;\">Paulinchen ist sofort nach dem Unfall \u00fcber die <span style=\"color: #ff0000;\">kostenlose Paulinchen-Hotline 0800 0 112 123<\/span> als kompetenter Ansprechpartner erreichbar. Ein Gespr\u00e4ch mit anderen Betroffenen \u00fcber Sorgen und \u00c4ngste hilft Trost zu finden, neuen Mut zu fassen und erste Fragen zu kl\u00e4ren.<\/p>\n<ul style=\"text-align: justify;\">\n<li data-canvas-width=\"198.35999999999996\"><span style=\"color: #ff0000;\">w\u00e4hrend und nach der Rehabilitation<\/span><\/li>\n<\/ul>\n<p style=\"text-align: justify;\">Paulinchen arbeitet eng mit den Spezialisten, die brandverletzte Kinder behandeln, zusammen. Ein gro\u00dfes Kompetenznetzwerk ist entstanden. So wird jede Frage zu thermischen Verletzungen im Kindes- und Jugendalter schnell und kompetent beantwortet. Der Verein gibt Adressen erfahrener Therapeuten, Sanit\u00e4tsh\u00e4user und \u00c4rzte weiter. Ziel ist es, f\u00fcr jedes Kind individuell die bestm\u00f6gliche Versorgung zu erreichen.<\/p>\n<ul style=\"text-align: justify;\">\n<li data-canvas-width=\"200.41200000000003\"><span style=\"color: #ff0000;\">und auch noch Jahre nach dem Unfall<\/span><\/li>\n<\/ul>\n<div style=\"text-align: justify;\" data-canvas-width=\"335.88199999999995\">Kinder verungl\u00fccken in verschiedenen Altersstufen, jedes Entwicklungsstadium l\u00e4sst unterschiedliche Probleme entstehen. So ist Paulinchen oft auch noch Jahre nach dem Unfall immer<\/div>\n<div style=\"text-align: justify;\" data-canvas-width=\"275.76599999999996\">wieder Ansprechpartner f\u00fcr die betroffenen Familien.<\/div>\n<\/div>\n<div style=\"text-align: justify;\" data-canvas-width=\"275.76599999999996\"><\/div>\n<div style=\"text-align: justify;\" data-canvas-width=\"275.76599999999996\">\n<div style=\"text-align: center;\" data-canvas-width=\"265.43733333333336\"><\/div>\n<div style=\"text-align: center;\" data-canvas-width=\"265.43733333333336\">\n<hr \/>\n<\/div>\n<p><br data-canvas-width=\"254.96000000000004\" \/><img loading=\"lazy\" decoding=\"async\" class=\"wp-image-1344 aligncenter\" src=\"http:\/\/feuerwehr-suelfeld.de\/feuerwehr\/wp-content\/uploads\/2016\/10\/Bildschirmfoto-2016-10-06-um-22.18.21-300x228.png\" alt=\"bildschirmfoto-2016-10-06-um-22-18-21\" width=\"460\" height=\"349\" srcset=\"http:\/\/feuerwehr-suelfeld.de\/feuerwehr\/wp-content\/uploads\/2016\/10\/Bildschirmfoto-2016-10-06-um-22.18.21-300x228.png 300w, http:\/\/feuerwehr-suelfeld.de\/feuerwehr\/wp-content\/uploads\/2016\/10\/Bildschirmfoto-2016-10-06-um-22.18.21.png 609w\" sizes=\"auto, (max-width: 460px) 100vw, 460px\" \/><\/p>\n<\/div>\n","protected":false},"excerpt":{"rendered":"<p>wurde 1993 gegr\u00fcndet, um Familien mit brand verletzten Kindern und Jugendlichen zu beraten, diesen bei Problemen w\u00e4hrend der Rehabilitationszeit zu helfen sowie pr\u00e4ventiv auf die Unfallursachen hinzuweisen. Der Verein arbeitet bundesweit und ist vom Finanzamt als gemeinn\u00fctzig anerkannt. Hauptaufgaben Beratung und Kontaktvermittlung von Familien mit brandverletzten Kindern und Jugendlichen in jeder Phase nach dem Unfall Seminare als Hilfestellung f\u00fcr die Rehabilitation und die weitere Zukunft Interessenvertretung, Lobbyarbeit Pr\u00e4vention Hintergrund Jedes Jahr werden in Deutschland rund 6.000 Kinder durch Verbrennungs- und Verbr\u00fchungsunf\u00e4lle so schwer verletzt, dass sie station\u00e4r im Krankenhaus behandelt werden m\u00fcssen. Die Ursachen sind bei Kleinkindern in 80 % der F\u00e4lle hei\u00dfe Fl\u00fcssigkeiten oder das Ber\u00fchren hei\u00dfer Gegenst\u00e4nde. Bei \u00e4lteren Kindern sind die Ursachen h\u00e4ufiger Grillunf\u00e4lle, Br\u00e4nde, Strom und S\u00e4uren. Die meisten Kinder erleben den Unfall bei vollem Bewusstsein. Nicht nur die Haut der Kinder wird gesch\u00e4digt, sondern die gesamtePers\u00f6nlichkeit in ihren k\u00f6rperlich-seelischen Empfindungen. Die Behandlung ist extrem schmerzhaft und langwierig, die Trennung von der Familie im Krankenhaus belastend und der Heilungsprozess von anstrengenden Therapien gepr\u00e4gt. Beratung &#8230; in der Klinik Paulinchen ist sofort nach dem Unfall \u00fcber die kostenlose Paulinchen-Hotline 0800 0 112 123 als kompetenter Ansprechpartner erreichbar. Ein Gespr\u00e4ch mit anderen Betroffenen \u00fcber Sorgen und \u00c4ngste hilft Trost zu finden, neuen Mut zu fassen und erste Fragen zu kl\u00e4ren. w\u00e4hrend und nach der Rehabilitation Paulinchen arbeitet eng mit den Spezialisten, die brandverletzte Kinder behandeln, zusammen. Ein gro\u00dfes Kompetenznetzwerk ist entstanden. So wird jede Frage zu thermischen Verletzungen im Kindes- und Jugendalter schnell und kompetent beantwortet. Der Verein gibt Adressen erfahrener Therapeuten, Sanit\u00e4tsh\u00e4user und \u00c4rzte weiter. Ziel ist es, f\u00fcr jedes Kind individuell die bestm\u00f6gliche Versorgung zu erreichen. und auch noch Jahre nach dem Unfall Kinder verungl\u00fccken in verschiedenen Altersstufen, jedes Entwicklungsstadium l\u00e4sst unterschiedliche Probleme entstehen. So ist Paulinchen oft auch noch Jahre nach dem Unfall immer wieder<\/p>\n","protected":false},"author":4,"featured_media":0,"parent":1237,"menu_order":2,"comment_status":"closed","ping_status":"closed","template":"","meta":{"footnotes":""},"class_list":["post-1332","page","type-page","status-publish","hentry"],"_links":{"self":[{"href":"http:\/\/feuerwehr-suelfeld.de\/feuerwehr\/wp-json\/wp\/v2\/pages\/1332","targetHints":{"allow":["GET"]}}],"collection":[{"href":"http:\/\/feuerwehr-suelfeld.de\/feuerwehr\/wp-json\/wp\/v2\/pages"}],"about":[{"href":"http:\/\/feuerwehr-suelfeld.de\/feuerwehr\/wp-json\/wp\/v2\/types\/page"}],"author":[{"embeddable":true,"href":"http:\/\/feuerwehr-suelfeld.de\/feuerwehr\/wp-json\/wp\/v2\/users\/4"}],"replies":[{"embeddable":true,"href":"http:\/\/feuerwehr-suelfeld.de\/feuerwehr\/wp-json\/wp\/v2\/comments?post=1332"}],"version-history":[{"count":28,"href":"http:\/\/feuerwehr-suelfeld.de\/feuerwehr\/wp-json\/wp\/v2\/pages\/1332\/revisions"}],"predecessor-version":[{"id":1364,"href":"http:\/\/feuerwehr-suelfeld.de\/feuerwehr\/wp-json\/wp\/v2\/pages\/1332\/revisions\/1364"}],"up":[{"embeddable":true,"href":"http:\/\/feuerwehr-suelfeld.de\/feuerwehr\/wp-json\/wp\/v2\/pages\/1237"}],"wp:attachment":[{"href":"http:\/\/feuerwehr-suelfeld.de\/feuerwehr\/wp-json\/wp\/v2\/media?parent=1332"}],"curies":[{"name":"wp","href":"https:\/\/api.w.org\/{rel}","templated":true}]}}