{"id":237,"date":"2016-03-22T22:12:44","date_gmt":"2016-03-22T21:12:44","guid":{"rendered":"http:\/\/feuerwehr-suelfeld.de\/feuerwehr\/?page_id=237"},"modified":"2021-06-22T22:17:43","modified_gmt":"2021-06-22T20:17:43","slug":"fahrzeuge","status":"publish","type":"page","link":"http:\/\/feuerwehr-suelfeld.de\/feuerwehr\/unsere-technik\/fahrzeuge\/","title":{"rendered":"Fahrzeuge"},"content":{"rendered":"\n<p><img loading=\"lazy\" decoding=\"async\" width=\"8500\" height=\"3652\" class=\"wp-image-2178\" style=\"width: 8500px;\" src=\"http:\/\/feuerwehr-suelfeld.de\/feuerwehr\/wp-content\/uploads\/2021\/06\/DSC_8729.jpeg\" alt=\"\" srcset=\"http:\/\/feuerwehr-suelfeld.de\/feuerwehr\/wp-content\/uploads\/2021\/06\/DSC_8729.jpeg 2500w, http:\/\/feuerwehr-suelfeld.de\/feuerwehr\/wp-content\/uploads\/2021\/06\/DSC_8729-300x129.jpeg 300w, http:\/\/feuerwehr-suelfeld.de\/feuerwehr\/wp-content\/uploads\/2021\/06\/DSC_8729-1024x440.jpeg 1024w, http:\/\/feuerwehr-suelfeld.de\/feuerwehr\/wp-content\/uploads\/2021\/06\/DSC_8729-768x330.jpeg 768w, http:\/\/feuerwehr-suelfeld.de\/feuerwehr\/wp-content\/uploads\/2021\/06\/DSC_8729-1536x660.jpeg 1536w, http:\/\/feuerwehr-suelfeld.de\/feuerwehr\/wp-content\/uploads\/2021\/06\/DSC_8729-2048x880.jpeg 2048w\" sizes=\"auto, (max-width: 8500px) 100vw, 8500px\" \/><\/p>\n\n\n\n<h3 class=\"wp-block-heading\">Florian Segeberg 97-48-02 &#8211; Hilfeleistungsl\u00f6schgruppenfahrzeug HLF 20<\/h3>\n\n\n\n<p>Das am 11.03.2013 zugelassene Fahrzeug tr\u00e4gt den Spitznamen &#8222;Willi&#8220; in Erinnerung an den im Jahr 2012 verstorbenen Gemeindewehrf\u00fchrer Wilhelm Daum. Das Fahrzeug wurde in der Grundfarbe wei\u00df lackiert und dann mit Folien in tagesleuchtendem RAL 3024 beklebt.<\/p>\n\n\n\n<h6 class=\"wp-block-heading\" style=\"font-size:21px\">Technische Daten:<\/h6>\n\n\n\n<ul class=\"wp-block-list\"><li>Fahrgestell: Mercedes-Benz Atego 1329 AF<\/li><li>Motorleistung: 210 kW bei 2.200 1\/min (6-Zylinder Diesel)<\/li><li>Hubraum: 6.374 cm\u00b3<\/li><li>H\u00f6chstgeschwindigkeit: 100 km\/h<\/li><li>Zul\u00e4ssiges Gesamtgewicht: 14.500 kg<\/li><li>Leergewicht: 9.220 kg<\/li><li>Achslast vorne \/ hinten: 5.600 \/ 10.000 kg<\/li><li>L\u00e4nge ohne \/ mit Haspel: 7.530 \/ 8.450 mm<\/li><li>Breite: 2.550 mm<\/li><li>H\u00f6he: 3.260 mm<\/li><li>Radstand: 4.160 mm<\/li><\/ul>\n\n\n\n<figure class=\"wp-block-image size-large is-resized is-style-rounded\"><img loading=\"lazy\" decoding=\"async\" src=\"http:\/\/feuerwehr-suelfeld.de\/feuerwehr\/wp-content\/uploads\/2021\/06\/DSC_8739-1024x682.jpeg\" alt=\"\" class=\"wp-image-2174\" width=\"768\" height=\"512\" srcset=\"http:\/\/feuerwehr-suelfeld.de\/feuerwehr\/wp-content\/uploads\/2021\/06\/DSC_8739-1024x682.jpeg 1024w, http:\/\/feuerwehr-suelfeld.de\/feuerwehr\/wp-content\/uploads\/2021\/06\/DSC_8739-300x200.jpeg 300w, http:\/\/feuerwehr-suelfeld.de\/feuerwehr\/wp-content\/uploads\/2021\/06\/DSC_8739-768x512.jpeg 768w, http:\/\/feuerwehr-suelfeld.de\/feuerwehr\/wp-content\/uploads\/2021\/06\/DSC_8739-1536x1024.jpeg 1536w, http:\/\/feuerwehr-suelfeld.de\/feuerwehr\/wp-content\/uploads\/2021\/06\/DSC_8739-2048x1365.jpeg 2048w\" sizes=\"auto, (max-width: 768px) 100vw, 768px\" \/><\/figure>\n\n\n\n<figure class=\"wp-block-image is-resized is-style-rounded\"><a href=\"http:\/\/feuerwehr-suelfeld.de\/feuerwehr\/wp-content\/uploads\/2016\/04\/HLF-20-2.jpg\" rel=\"lightbox\"><img loading=\"lazy\" decoding=\"async\" src=\"http:\/\/feuerwehr-suelfeld.de\/feuerwehr\/wp-content\/uploads\/2016\/04\/HLF-20-2.jpg\" alt=\"\" width=\"750\" height=\"503\"\/><\/a><\/figure>\n\n\n\n<figure class=\"wp-block-image is-resized is-style-rounded\"><a href=\"http:\/\/feuerwehr-suelfeld.de\/feuerwehr\/wp-content\/uploads\/2016\/04\/HLF-20-3.jpg\" rel=\"lightbox\"><img loading=\"lazy\" decoding=\"async\" src=\"http:\/\/feuerwehr-suelfeld.de\/feuerwehr\/wp-content\/uploads\/2016\/04\/HLF-20-3.jpg\" alt=\"\" width=\"750\" height=\"503\"\/><\/a><\/figure>\n\n\n\n<h3 class=\"wp-block-heading\">Florian Segeberg 97-47-02 &#8211; L\u00f6schgruppenfahrzeug LF Katastrophenschutz<\/h3>\n\n\n\n<p>Das 2020 an die Freiwillige Feuerwehr S\u00fclfeld ausgelieferte LF KatS hat unser 1985 erbautes LF 16 &#8211; TS des Katastrophenschutzes ersetzt. Dieses Fahrzeug geh\u00f6rt \u00fcber\u00f6rtlich der 8. Brandschutzbereitschaft des Landes Schleswig-Holstein an und ist f\u00fcr lange Eins\u00e4tze im Katastrophenschutz entwickelt. Es erg\u00e4nz unseren L\u00f6schzug mit umfangreichem Equipment zur Brandbek\u00e4mpfung und Versorgung von Einsatzstellen mit L\u00f6schwasser \u00fcber eine lange Wegstrecke.<\/p>\n\n\n\n<p>Wie das alte LF 16 &#8211; TS verf\u00fcgt das LF KatS \u00fcber eine tragbare Pumpe der Normung PFPN 10-1500 (Portable Fire Pump Normal, 1500 L\/min Nennleistung bei 10 Bar Druck) und 600m B-Schlauch, wobei 300m in Buchten im Heck des Fahrzeuges \u00fcber der Heckpumpe zur Entladung w\u00e4hrend der Fahrt verlastet sind.<\/p>\n\n\n\n<p>Anders als das Vorg\u00e4ngerfahrzeug verf\u00fcgt dieses L\u00f6schfahrzeug \u00fcber einen 1000L Wassertank und kann damit analog zum HLF 20 als Erstangriffsfahrzug verwendet werden. Auch befinden sich jetzt zwei Atemschutzger\u00e4te f\u00fcr den Angriffstrupp im Mannschaftsraum, so dass der Angriffstrupp sich bereits w\u00e4hrend der Fahrt zum Einsatzort ausr\u00fcsten kann. Eine weitere Neuerung ist ein faltbarer L\u00f6schwasserbeh\u00e4lter von 5000L Fassungsverm\u00f6gen, der bei Vegetationsbr\u00e4nden als L\u00f6schwasserpuffer relevant ist.<\/p>\n\n\n\n<p>Im Heck des Fahrzeuges befindet sich eine Feuerl\u00f6schpumpe der Normung FPN 10-2000 (Fire Pump Normal 2000L\/min Nennleistung bei 10 Bar Druck).<\/p>\n\n\n\n<h6 class=\"wp-block-heading\" style=\"font-size:21px\">Technische Daten:<\/h6>\n\n\n\n<ul class=\"wp-block-list\"><li>Fahrgestell: Mercedes-Benz Atego 1327 AF 4&#215;4<\/li><li>Motorleistung: 272 kW bei 2.200 1\/min<\/li><li>Hubraum: 7.698 cm\u00b3 (6-Zylinder Diesel)<\/li><li>H\u00f6chstgeschwindigkeit: 100 km\/h<\/li><li>Zul\u00e4ssiges Gesamtgewicht: 14.500 kg<\/li><li>Leergewicht: 9.220 kg<\/li><li>Achslast vorne \/ hinten: 6.000 \/ 7.700 kg<\/li><li>L\u00e4nge: 7.300 mm<\/li><li>Breite: 2.500 mm<\/li><li>H\u00f6he: 3.300 mm<\/li><li>Radstand: 3.860 mm<\/li><\/ul>\n\n\n\n<figure class=\"wp-block-image size-large is-resized is-style-rounded\"><img loading=\"lazy\" decoding=\"async\" src=\"http:\/\/feuerwehr-suelfeld.de\/feuerwehr\/wp-content\/uploads\/2021\/06\/DSC_8740-1024x683.jpeg\" alt=\"\" class=\"wp-image-2173\" width=\"768\" height=\"512\" srcset=\"http:\/\/feuerwehr-suelfeld.de\/feuerwehr\/wp-content\/uploads\/2021\/06\/DSC_8740-1024x683.jpeg 1024w, http:\/\/feuerwehr-suelfeld.de\/feuerwehr\/wp-content\/uploads\/2021\/06\/DSC_8740-300x200.jpeg 300w, http:\/\/feuerwehr-suelfeld.de\/feuerwehr\/wp-content\/uploads\/2021\/06\/DSC_8740-768x512.jpeg 768w, http:\/\/feuerwehr-suelfeld.de\/feuerwehr\/wp-content\/uploads\/2021\/06\/DSC_8740-1536x1024.jpeg 1536w, http:\/\/feuerwehr-suelfeld.de\/feuerwehr\/wp-content\/uploads\/2021\/06\/DSC_8740-2048x1366.jpeg 2048w\" sizes=\"auto, (max-width: 768px) 100vw, 768px\" \/><\/figure>\n\n\n\n<figure class=\"wp-block-image size-large is-resized is-style-rounded\"><img loading=\"lazy\" decoding=\"async\" src=\"http:\/\/feuerwehr-suelfeld.de\/feuerwehr\/wp-content\/uploads\/2021\/06\/DSC_8733-1024x682.jpeg\" alt=\"\" class=\"wp-image-2177\" width=\"768\" height=\"512\" srcset=\"http:\/\/feuerwehr-suelfeld.de\/feuerwehr\/wp-content\/uploads\/2021\/06\/DSC_8733-1024x682.jpeg 1024w, http:\/\/feuerwehr-suelfeld.de\/feuerwehr\/wp-content\/uploads\/2021\/06\/DSC_8733-300x200.jpeg 300w, http:\/\/feuerwehr-suelfeld.de\/feuerwehr\/wp-content\/uploads\/2021\/06\/DSC_8733-768x512.jpeg 768w, http:\/\/feuerwehr-suelfeld.de\/feuerwehr\/wp-content\/uploads\/2021\/06\/DSC_8733-1536x1024.jpeg 1536w, http:\/\/feuerwehr-suelfeld.de\/feuerwehr\/wp-content\/uploads\/2021\/06\/DSC_8733-2048x1365.jpeg 2048w\" sizes=\"auto, (max-width: 768px) 100vw, 768px\" \/><\/figure>\n\n\n\n<figure class=\"wp-block-image size-large is-resized is-style-rounded\"><img loading=\"lazy\" decoding=\"async\" src=\"http:\/\/feuerwehr-suelfeld.de\/feuerwehr\/wp-content\/uploads\/2021\/06\/DSC_8735-1024x683.jpeg\" alt=\"\" class=\"wp-image-2176\" width=\"768\" height=\"512\" srcset=\"http:\/\/feuerwehr-suelfeld.de\/feuerwehr\/wp-content\/uploads\/2021\/06\/DSC_8735-1024x683.jpeg 1024w, http:\/\/feuerwehr-suelfeld.de\/feuerwehr\/wp-content\/uploads\/2021\/06\/DSC_8735-300x200.jpeg 300w, http:\/\/feuerwehr-suelfeld.de\/feuerwehr\/wp-content\/uploads\/2021\/06\/DSC_8735-768x512.jpeg 768w, http:\/\/feuerwehr-suelfeld.de\/feuerwehr\/wp-content\/uploads\/2021\/06\/DSC_8735-1536x1024.jpeg 1536w, http:\/\/feuerwehr-suelfeld.de\/feuerwehr\/wp-content\/uploads\/2021\/06\/DSC_8735-2048x1366.jpeg 2048w\" sizes=\"auto, (max-width: 768px) 100vw, 768px\" \/><\/figure>\n\n\n\n<h3 class=\"wp-block-heading\">Florian Segeberg 97-14-02 &#8211; Mehrzweckfahrzeug<\/h3>\n\n\n\n<p>Unser Mehrzweckfahrzeug ist ein VW Transporter (T6) Baujahr 2016. Er dient \u00fcberwiegend der First-Responder-Gruppe als Einsatzfahrzeug und enth\u00e4lt daher auch alle notwendigen Einsatzmittel der First-Responder. Zus\u00e4tzlich nutzen wir dieses Fahrzeug als Einsatzleitwagen im Zug der Gemeindefeuerwehr S\u00fclfeld.<\/p>\n\n\n\n<p>Besondere Ausstattungsmerkmale neben den First-Responder-Ger\u00e4ten sind ein Werkzeugkoffer mit Fenster- und T\u00fcr\u00f6ffnungsgeschirr, sowie umfangreiche Funkger\u00e4teausstattungen und eine Metalltafel mit entsprechendem Material zur Leitung eines Einsatzes im beleuchteten Heckbereich.<\/p>\n\n\n\n<h6 class=\"wp-block-heading\" style=\"font-size:21px\">Technische Daten:<\/h6>\n\n\n\n<ul class=\"wp-block-list\"><li>Hersteller: Volkswagen T6<\/li><li>Motorleistung: 00 kW<\/li><li>Hubraum: 0.000 cm\u00b3<\/li><li>H\u00f6chstgeschwindigkeit: 0 km\/h<\/li><li>Zul\u00e4ssiges Gesamtgewicht: 0.000 kg<\/li><li>Leergewicht: 0.000 kg<\/li><\/ul>\n\n\n\n<figure class=\"wp-block-image size-large is-resized is-style-rounded\"><img loading=\"lazy\" decoding=\"async\" src=\"http:\/\/feuerwehr-suelfeld.de\/feuerwehr\/wp-content\/uploads\/2021\/06\/DSC_8738-1024x682.jpeg\" alt=\"\" class=\"wp-image-2175\" width=\"768\" height=\"512\" srcset=\"http:\/\/feuerwehr-suelfeld.de\/feuerwehr\/wp-content\/uploads\/2021\/06\/DSC_8738-1024x682.jpeg 1024w, http:\/\/feuerwehr-suelfeld.de\/feuerwehr\/wp-content\/uploads\/2021\/06\/DSC_8738-300x200.jpeg 300w, http:\/\/feuerwehr-suelfeld.de\/feuerwehr\/wp-content\/uploads\/2021\/06\/DSC_8738-768x512.jpeg 768w, http:\/\/feuerwehr-suelfeld.de\/feuerwehr\/wp-content\/uploads\/2021\/06\/DSC_8738-1536x1024.jpeg 1536w, http:\/\/feuerwehr-suelfeld.de\/feuerwehr\/wp-content\/uploads\/2021\/06\/DSC_8738-2048x1365.jpeg 2048w\" sizes=\"auto, (max-width: 768px) 100vw, 768px\" \/><\/figure>\n\n\n\n<figure class=\"wp-block-image is-resized is-style-rounded\"><a href=\"http:\/\/feuerwehr-suelfeld.de\/feuerwehr\/wp-content\/uploads\/2017\/08\/mzf1.jpg\" rel=\"lightbox\"><img loading=\"lazy\" decoding=\"async\" src=\"http:\/\/feuerwehr-suelfeld.de\/feuerwehr\/wp-content\/uploads\/2017\/08\/mzf1.jpg\" alt=\"\" width=\"900\" height=\"600\"\/><\/a><\/figure>\n\n\n\n<figure class=\"wp-block-image is-resized is-style-rounded\"><a href=\"http:\/\/feuerwehr-suelfeld.de\/feuerwehr\/wp-content\/uploads\/2017\/08\/mzf3.jpg\" rel=\"lightbox\"><img loading=\"lazy\" decoding=\"async\" src=\"http:\/\/feuerwehr-suelfeld.de\/feuerwehr\/wp-content\/uploads\/2017\/08\/mzf3.jpg\" alt=\"\" width=\"1000\" height=\"667\"\/><\/a><\/figure>\n\n\n\n<figure class=\"wp-block-image is-resized is-style-rounded\"><a href=\"http:\/\/feuerwehr-suelfeld.de\/feuerwehr\/wp-content\/uploads\/2017\/08\/mzf4.jpg\" rel=\"lightbox\"><img loading=\"lazy\" decoding=\"async\" src=\"http:\/\/feuerwehr-suelfeld.de\/feuerwehr\/wp-content\/uploads\/2017\/08\/mzf4.jpg\" alt=\"\" width=\"1000\" height=\"667\"\/><\/a><\/figure>\n","protected":false},"excerpt":{"rendered":"<p>Florian Segeberg 97-48-02 &#8211; Hilfeleistungsl\u00f6schgruppenfahrzeug HLF 20 Das am 11.03.2013 zugelassene Fahrzeug tr\u00e4gt den Spitznamen &#8222;Willi&#8220; in Erinnerung an den im Jahr 2012 verstorbenen Gemeindewehrf\u00fchrer Wilhelm Daum. Das Fahrzeug wurde in der Grundfarbe wei\u00df lackiert und dann mit Folien in tagesleuchtendem RAL 3024 beklebt. Technische Daten: Fahrgestell: Mercedes-Benz Atego 1329 AF Motorleistung: 210 kW bei 2.200 1\/min (6-Zylinder Diesel) Hubraum: 6.374 cm\u00b3 H\u00f6chstgeschwindigkeit: 100 km\/h Zul\u00e4ssiges Gesamtgewicht: 14.500 kg Leergewicht: 9.220 kg Achslast vorne \/ hinten: 5.600 \/ 10.000 kg L\u00e4nge ohne \/ mit Haspel: 7.530 \/ 8.450 mm Breite: 2.550 mm H\u00f6he: 3.260 mm Radstand: 4.160 mm Florian Segeberg 97-47-02 &#8211; L\u00f6schgruppenfahrzeug LF Katastrophenschutz Das 2020 an die Freiwillige Feuerwehr S\u00fclfeld ausgelieferte LF KatS hat unser 1985 erbautes LF 16 &#8211; TS des Katastrophenschutzes ersetzt. Dieses Fahrzeug geh\u00f6rt \u00fcber\u00f6rtlich der 8. Brandschutzbereitschaft des Landes Schleswig-Holstein an und ist f\u00fcr lange Eins\u00e4tze im Katastrophenschutz entwickelt. Es erg\u00e4nz unseren L\u00f6schzug mit umfangreichem Equipment zur Brandbek\u00e4mpfung und Versorgung von Einsatzstellen mit L\u00f6schwasser \u00fcber eine lange Wegstrecke. Wie das alte LF 16 &#8211; TS verf\u00fcgt das LF KatS \u00fcber eine tragbare Pumpe der Normung PFPN 10-1500 (Portable Fire Pump Normal, 1500 L\/min Nennleistung bei 10 Bar Druck) und 600m B-Schlauch, wobei 300m in Buchten im Heck des Fahrzeuges \u00fcber der Heckpumpe zur Entladung w\u00e4hrend der Fahrt verlastet sind. Anders als das Vorg\u00e4ngerfahrzeug verf\u00fcgt dieses L\u00f6schfahrzeug \u00fcber einen 1000L Wassertank und kann damit analog zum HLF 20 als Erstangriffsfahrzug verwendet werden. Auch befinden sich jetzt zwei Atemschutzger\u00e4te f\u00fcr den Angriffstrupp im Mannschaftsraum, so dass der Angriffstrupp sich bereits w\u00e4hrend der Fahrt zum Einsatzort ausr\u00fcsten kann. Eine weitere Neuerung ist ein faltbarer L\u00f6schwasserbeh\u00e4lter von 5000L Fassungsverm\u00f6gen, der bei Vegetationsbr\u00e4nden als L\u00f6schwasserpuffer relevant ist. Im Heck des Fahrzeuges befindet sich eine Feuerl\u00f6schpumpe der Normung FPN 10-2000 (Fire Pump Normal 2000L\/min Nennleistung bei 10 Bar Druck). Technische<\/p>\n","protected":false},"author":3,"featured_media":0,"parent":11,"menu_order":0,"comment_status":"closed","ping_status":"closed","template":"","meta":{"footnotes":""},"class_list":["post-237","page","type-page","status-publish","hentry"],"_links":{"self":[{"href":"http:\/\/feuerwehr-suelfeld.de\/feuerwehr\/wp-json\/wp\/v2\/pages\/237","targetHints":{"allow":["GET"]}}],"collection":[{"href":"http:\/\/feuerwehr-suelfeld.de\/feuerwehr\/wp-json\/wp\/v2\/pages"}],"about":[{"href":"http:\/\/feuerwehr-suelfeld.de\/feuerwehr\/wp-json\/wp\/v2\/types\/page"}],"author":[{"embeddable":true,"href":"http:\/\/feuerwehr-suelfeld.de\/feuerwehr\/wp-json\/wp\/v2\/users\/3"}],"replies":[{"embeddable":true,"href":"http:\/\/feuerwehr-suelfeld.de\/feuerwehr\/wp-json\/wp\/v2\/comments?post=237"}],"version-history":[{"count":20,"href":"http:\/\/feuerwehr-suelfeld.de\/feuerwehr\/wp-json\/wp\/v2\/pages\/237\/revisions"}],"predecessor-version":[{"id":2181,"href":"http:\/\/feuerwehr-suelfeld.de\/feuerwehr\/wp-json\/wp\/v2\/pages\/237\/revisions\/2181"}],"up":[{"embeddable":true,"href":"http:\/\/feuerwehr-suelfeld.de\/feuerwehr\/wp-json\/wp\/v2\/pages\/11"}],"wp:attachment":[{"href":"http:\/\/feuerwehr-suelfeld.de\/feuerwehr\/wp-json\/wp\/v2\/media?parent=237"}],"curies":[{"name":"wp","href":"https:\/\/api.w.org\/{rel}","templated":true}]}}