{"id":307,"date":"2016-03-29T19:56:18","date_gmt":"2016-03-29T17:56:18","guid":{"rendered":"http:\/\/feuerwehr-suelfeld.de\/feuerwehr\/?page_id=307"},"modified":"2016-05-29T18:31:25","modified_gmt":"2016-05-29T16:31:25","slug":"unsere-wache","status":"publish","type":"page","link":"http:\/\/feuerwehr-suelfeld.de\/feuerwehr\/unsere-feuerwehr\/unsere-wache\/","title":{"rendered":"Unsere Wache"},"content":{"rendered":"<p style=\"text-align: justify;\">Unser Feuerwehrger\u00e4tehaus in der Oldesloer Stra\u00dfe 11 wurde am 18. November 1988 eingeweiht. Derzeit verf\u00fcgt es \u00fcber zwei Stellpl\u00e4tze. F\u00fcr das Jahr 2017 sind gro\u00dfe Umbauma\u00dfnahmen geplant. Unter anderem wird der Parkplatz f\u00fcr die alarmierten Kr\u00e4fte vergr\u00f6\u00dfert sowie ein zus\u00e4tzlicher Stellplatz f\u00fcr die Einsatzfahrzeuge geschaffen.<\/p>\n<p style=\"text-align: justify;\">Des Weiteren haben wir eine gro\u00dfe Werkstatt mit Atemschutzraum und Funkraum sowie einen Schulungsraum der auch als \u00dcbungsraum f\u00fcr unseren Musikzug dient.<\/p>\n<p style=\"text-align: justify;\">\n<a href=\"http:\/\/feuerwehr-suelfeld.de\/feuerwehr\/wp-content\/uploads\/2016\/04\/Feuerwache.jpg\" rel=\"lightbox\"><img decoding=\"async\" src=\"http:\/\/feuerwehr-suelfeld.de\/feuerwehr\/wp-content\/uploads\/2016\/04\/Feuerwache.jpg\" border=\"0\" style=\"max-width: 250px;\" \/><\/a> <a href=\"http:\/\/feuerwehr-suelfeld.de\/feuerwehr\/wp-content\/uploads\/2016\/04\/flur.jpg\" rel=\"lightbox\"><img decoding=\"async\" src=\"http:\/\/feuerwehr-suelfeld.de\/feuerwehr\/wp-content\/uploads\/2016\/04\/flur.jpg\" border=\"0\" style=\"max-width: 250px;\" \/><\/a> <a href=\"http:\/\/feuerwehr-suelfeld.de\/feuerwehr\/wp-content\/uploads\/2016\/04\/kameradschaftsraum.jpg\" rel=\"lightbox\"><img decoding=\"async\" src=\"http:\/\/feuerwehr-suelfeld.de\/feuerwehr\/wp-content\/uploads\/2016\/04\/kameradschaftsraum.jpg\" border=\"0\" style=\"max-width: 250px;\" \/><\/a><\/p>\n","protected":false},"excerpt":{"rendered":"<p>Unser Feuerwehrger\u00e4tehaus in der Oldesloer Stra\u00dfe 11 wurde am 18. November 1988 eingeweiht. Derzeit verf\u00fcgt es \u00fcber zwei Stellpl\u00e4tze. F\u00fcr das Jahr 2017 sind gro\u00dfe Umbauma\u00dfnahmen geplant. Unter anderem wird der Parkplatz f\u00fcr die alarmierten Kr\u00e4fte vergr\u00f6\u00dfert sowie ein zus\u00e4tzlicher Stellplatz f\u00fcr die Einsatzfahrzeuge geschaffen. Des Weiteren haben wir eine gro\u00dfe Werkstatt mit Atemschutzraum und Funkraum sowie einen Schulungsraum der auch als \u00dcbungsraum f\u00fcr unseren Musikzug dient.<\/p>\n","protected":false},"author":4,"featured_media":0,"parent":7,"menu_order":1,"comment_status":"closed","ping_status":"closed","template":"","meta":{"footnotes":""},"class_list":["post-307","page","type-page","status-publish","hentry"],"_links":{"self":[{"href":"http:\/\/feuerwehr-suelfeld.de\/feuerwehr\/wp-json\/wp\/v2\/pages\/307","targetHints":{"allow":["GET"]}}],"collection":[{"href":"http:\/\/feuerwehr-suelfeld.de\/feuerwehr\/wp-json\/wp\/v2\/pages"}],"about":[{"href":"http:\/\/feuerwehr-suelfeld.de\/feuerwehr\/wp-json\/wp\/v2\/types\/page"}],"author":[{"embeddable":true,"href":"http:\/\/feuerwehr-suelfeld.de\/feuerwehr\/wp-json\/wp\/v2\/users\/4"}],"replies":[{"embeddable":true,"href":"http:\/\/feuerwehr-suelfeld.de\/feuerwehr\/wp-json\/wp\/v2\/comments?post=307"}],"version-history":[{"count":8,"href":"http:\/\/feuerwehr-suelfeld.de\/feuerwehr\/wp-json\/wp\/v2\/pages\/307\/revisions"}],"predecessor-version":[{"id":1112,"href":"http:\/\/feuerwehr-suelfeld.de\/feuerwehr\/wp-json\/wp\/v2\/pages\/307\/revisions\/1112"}],"up":[{"embeddable":true,"href":"http:\/\/feuerwehr-suelfeld.de\/feuerwehr\/wp-json\/wp\/v2\/pages\/7"}],"wp:attachment":[{"href":"http:\/\/feuerwehr-suelfeld.de\/feuerwehr\/wp-json\/wp\/v2\/media?parent=307"}],"curies":[{"name":"wp","href":"https:\/\/api.w.org\/{rel}","templated":true}]}}