{"id":529,"date":"2016-04-25T19:25:21","date_gmt":"2016-04-25T17:25:21","guid":{"rendered":"http:\/\/feuerwehr-suelfeld.de\/feuerwehr\/?page_id=529"},"modified":"2018-08-28T13:01:05","modified_gmt":"2018-08-28T11:01:05","slug":"first-responder","status":"publish","type":"page","link":"http:\/\/feuerwehr-suelfeld.de\/feuerwehr\/first-responder\/","title":{"rendered":"First-Responder"},"content":{"rendered":"<h3 style=\"text-align: center;\">+++ 16 Jahre\u00a0 2000 \u2013 2016 +++<\/h3>\n<h6 style=\"text-align: center;\">Die First Responder der Freiwilligen Feuerwehr S\u00fclfeld.<\/h6>\n<p style=\"text-align: justify;\">Im Rettungsdienst hat sich, nach amerikanischem Vorbild der Name First-Responder Gruppe eingeb\u00fcrgert. Was w\u00f6rtlich \u00fcbersetzt &#8211; zuerst Eintreffender &#8211; hei\u00dft.<br \/>\nDie First Responder r\u00fccken bei lebensbedrohlichen Erkrankungen und Verletzungen zeitgleich mit dem Rettungsdienst aus. Durch die kurzen Anfahrtswege der Freiwilligen Feuerwehr entsteht ein Zeitvorteil von einigen Minuten. Diese Zeit wird genutzt um den therapiefreien Intervall zu \u00fcberbr\u00fccken.<\/p>\n<p style=\"text-align: justify;\"><span style=\"color: #ff0000;\">Zur Zeit besteht die First Responder Gruppe S\u00fclfeld aus 15 Kameraden und Kameradinnen.<\/span><\/p>\n<p style=\"text-align: justify;\">In unsere Gruppe befinden sich zwei Lehrrettungsassistenten und eine Praxisanleiterin.<\/p>\n<p style=\"text-align: justify;\">Alle anderen Kameraden wurden oder werden in einer 80-st\u00fcndigen Ausbildung zum Rettungshelfer ausgebildet. Im Anschluss an die Ausbildung erfolgte ein Einsatzpraktikum auf einem Rettungswagen, sowie auf einem Notarztwagen.<\/p>\n<p style=\"text-align: justify;\">Um die Ausbildung in unsere Gruppe zu beginnen, sind die Mitgliedschaft in der Freiwilligen Feuerwehr S\u00fclfeld, eine abgeschlossene Truppmannausbildung, ein Funksprechlehrgang sowie eine abgeschlossene Berufsausbildung Voraussetzung.<\/p>\n<p style=\"text-align: justify;\">Wir haben keinen Bereitschaftsdienst eingerichtet, es werden immer alle Kameraden der Gruppe \u00fcber DME alarmiert. Die Ersten drei bis vier eintreffenden Kameraden r\u00fccken dann mit dem VW-Bus \/ Mehrzweckfahrzeug aus.<br \/>\nWenn der Rettungsdienst dann an der Einsatzstelle eintrifft, wird der Patient \u00fcbergeben und die First Responder verlassen dann nach Absprache die Einsatzstelle.<\/p>\n<p style=\"text-align: justify;\">Die First Responder Arbeit ist Ehrenamtlich und es besteht kein Anspruch auf Finanzielle Unterst\u00fctzung durch Krankenkassen oder sonstige Einrichtungen.<br \/>\nDie Anfallenden Kosten m\u00fcssen durch die Feuerwehr, die Gemeinde, oder durch Sponsoren sowie Spenden geleistet werden. Verbrauchsmaterialien wie z.b. Verbandp\u00e4cken kann man in den meisten F\u00e4llen durch den Rettungsdienst vor Ort gleich wieder bekommen.<\/p>\n<p style=\"text-align: justify;\">Zur Ausr\u00fcstung geh\u00f6ren Sauerstoffflasche mit regelbaren Flow zur Inhalation, Beatmungsbeutel mit Beatmungsmasken, Guedeltubenset, Sekretabsaugpumpe, Blutdruckmessger\u00e4t mit Stethoskop und Verbandmaterial sowie ein Beatmungsbeutel f\u00fcr Babys. Im September 2005 wurde die Ausr\u00fcstung, durch eine Spende, um einen Defibrillator (AED) erweitert.<\/p>\n<p><a href=\"https:\/\/feuerwehr-suelfeld.de\/feuerwehr\/wp-content\/uploads\/2016\/04\/sauerstoff.jpg\" rel=\"lightbox\"><img decoding=\"async\" style=\"max-width: 250px;\" src=\"https:\/\/feuerwehr-suelfeld.de\/feuerwehr\/wp-content\/uploads\/2016\/04\/sauerstoff.jpg\" \/><\/a> <a href=\"https:\/\/feuerwehr-suelfeld.de\/feuerwehr\/wp-content\/uploads\/2016\/04\/fr_koffer.jpg\" rel=\"lightbox\"><img decoding=\"async\" style=\"max-width: 250px;\" src=\"https:\/\/feuerwehr-suelfeld.de\/feuerwehr\/wp-content\/uploads\/2016\/04\/fr_koffer.jpg\" \/><\/a> <a href=\"https:\/\/feuerwehr-suelfeld.de\/feuerwehr\/wp-content\/uploads\/2016\/04\/defibrilator.jpg\" rel=\"lightbox\"><img decoding=\"async\" style=\"max-width: 250px;\" src=\"https:\/\/feuerwehr-suelfeld.de\/feuerwehr\/wp-content\/uploads\/2016\/04\/defibrilator.jpg\" \/><\/a><\/p>\n<p style=\"text-align: justify;\"><strong>Zur Gr\u00fcndung der Gruppe<\/strong><\/p>\n<p style=\"text-align: justify;\">Nach einem Erste-Hilfe-Kurs im Fr\u00fchjahr 1999, den die Ortswehr S\u00fclfeld durchgef\u00fchrt hatte, zeigte sich, dass mehrere Kameraden Interesse hatten, sich n\u00e4her zu diesem Thema zu informieren. Mit der Beschaffung eines TLF 16 zwei Jahre zuvor, wurde ebenfalls ein umfangreicher Erste-Hilfe-Kasten (mit Beatmungsbeutel und vielem mehr) beschafft. Den Umgang mit diesen &#8222;Ger\u00e4ten&#8220; wollten wir zusammen erlernen.<\/p>\n<p style=\"text-align: justify;\">Bei der Zusammenstellung von Schulungsunterlagen sind wir auf einen Artikel \u00fcber First-Responder-Projekte in Deutschland aufmerksam geworden. Schnell haben wir uns daf\u00fcr begeistert, ebenfalls eine First-Responder-Gruppe ins Leben zu rufen. Um das n\u00f6tige Fachwissen zu erlernen haben wir uns w\u00f6chentlich zu Schulungsabenden getroffen.<\/p>\n<p style=\"text-align: justify;\">Beim S\u00fclfelder Sommerfest 1999 hat sich die First Responder Gruppe das erste Mal der Bev\u00f6lkerung vorgestellt. Zu dieser Zeit war es jedoch noch ein weiter Weg, bis die Gruppe offiziell in Dienst gestellt werden konnte.<br \/>\nEs wurde zun\u00e4chst die Zustimmung des Wehrvorstandes sowie des B\u00fcrgermeisters eingeholt. Au\u00dferdem wurde das Deutsche-Rote-Kreuz &#8222;Segeberg&#8220; informiert und um Genehmigung gebeten.<\/p>\n<p style=\"text-align: justify;\">In mehreren Gespr\u00e4chen wurden dann genaue Regelungen \u00fcber die Alarmierung und den Einsatz besprochen. Die Alarmierung war die n\u00e4chste H\u00fcrde die \u00fcberwunden werden musste, da nicht alle Kameraden \u00fcber Meldeempf\u00e4nger verf\u00fcgten. Au\u00dferdem wurden DMEs mit Display ben\u00f6tigt, welche schlie\u00dflich von der Gemeinde beschafft worden sind.<\/p>\n<p style=\"text-align: justify;\">Es folgten weitere \u00dcbungsabende mit praktischen \u00dcbungen, sowie Praktika auf dem Rettungswagen und Notarztwagen. S\u00e4mtliche Kameraden der Gruppe haben mehrere Tage ein Notarzt- Rettungswagenteam begleitet, um praktische Erfahrungen zu sammeln.<\/p>\n<p style=\"text-align: justify;\">Nachdem die Ausbildung abgeschlossen war, ging die First-Responder-Gruppe im Juni 2000 in Dienst und wurde am 12.06.2000 zu ihren ersten Einsatz alarmiert. Ein Verkehrsunfall mit 7 Verletzten, wo auch gleich unser Fachwissen unter Beweis zu stellen war.<br \/>\nInzwischen besteht die Gruppe 16 Jahre und ist zu weit mehr als \u00fcber 1500 Eins\u00e4tzen im Alarmierungsbereich ausger\u00fcckt.<\/p>\n","protected":false},"excerpt":{"rendered":"<p>+++ 16 Jahre\u00a0 2000 \u2013 2016 +++ Die First Responder der Freiwilligen Feuerwehr S\u00fclfeld. Im Rettungsdienst hat sich, nach amerikanischem Vorbild der Name First-Responder Gruppe eingeb\u00fcrgert. Was w\u00f6rtlich \u00fcbersetzt &#8211; zuerst Eintreffender &#8211; hei\u00dft. Die First Responder r\u00fccken bei lebensbedrohlichen Erkrankungen und Verletzungen zeitgleich mit dem Rettungsdienst aus. Durch die kurzen Anfahrtswege der Freiwilligen Feuerwehr entsteht ein Zeitvorteil von einigen Minuten. Diese Zeit wird genutzt um den therapiefreien Intervall zu \u00fcberbr\u00fccken. Zur Zeit besteht die First Responder Gruppe S\u00fclfeld aus 15 Kameraden und Kameradinnen. In unsere Gruppe befinden sich zwei Lehrrettungsassistenten und eine Praxisanleiterin. Alle anderen Kameraden wurden oder werden in einer 80-st\u00fcndigen Ausbildung zum Rettungshelfer ausgebildet. Im Anschluss an die Ausbildung erfolgte ein Einsatzpraktikum auf einem Rettungswagen, sowie auf einem Notarztwagen. Um die Ausbildung in unsere Gruppe zu beginnen, sind die Mitgliedschaft in der Freiwilligen Feuerwehr S\u00fclfeld, eine abgeschlossene Truppmannausbildung, ein Funksprechlehrgang sowie eine abgeschlossene Berufsausbildung Voraussetzung. Wir haben keinen Bereitschaftsdienst eingerichtet, es werden immer alle Kameraden der Gruppe \u00fcber DME alarmiert. Die Ersten drei bis vier eintreffenden Kameraden r\u00fccken dann mit dem VW-Bus \/ Mehrzweckfahrzeug aus. Wenn der Rettungsdienst dann an der Einsatzstelle eintrifft, wird der Patient \u00fcbergeben und die First Responder verlassen dann nach Absprache die Einsatzstelle. Die First Responder Arbeit ist Ehrenamtlich und es besteht kein Anspruch auf Finanzielle Unterst\u00fctzung durch Krankenkassen oder sonstige Einrichtungen. Die Anfallenden Kosten m\u00fcssen durch die Feuerwehr, die Gemeinde, oder durch Sponsoren sowie Spenden geleistet werden. Verbrauchsmaterialien wie z.b. Verbandp\u00e4cken kann man in den meisten F\u00e4llen durch den Rettungsdienst vor Ort gleich wieder bekommen. Zur Ausr\u00fcstung geh\u00f6ren Sauerstoffflasche mit regelbaren Flow zur Inhalation, Beatmungsbeutel mit Beatmungsmasken, Guedeltubenset, Sekretabsaugpumpe, Blutdruckmessger\u00e4t mit Stethoskop und Verbandmaterial sowie ein Beatmungsbeutel f\u00fcr Babys. Im September 2005 wurde die Ausr\u00fcstung, durch eine Spende, um einen Defibrillator (AED) erweitert. Zur Gr\u00fcndung der Gruppe Nach einem Erste-Hilfe-Kurs im Fr\u00fchjahr<\/p>\n","protected":false},"author":2,"featured_media":0,"parent":0,"menu_order":0,"comment_status":"closed","ping_status":"closed","template":"","meta":{"footnotes":""},"class_list":["post-529","page","type-page","status-publish","hentry"],"_links":{"self":[{"href":"http:\/\/feuerwehr-suelfeld.de\/feuerwehr\/wp-json\/wp\/v2\/pages\/529","targetHints":{"allow":["GET"]}}],"collection":[{"href":"http:\/\/feuerwehr-suelfeld.de\/feuerwehr\/wp-json\/wp\/v2\/pages"}],"about":[{"href":"http:\/\/feuerwehr-suelfeld.de\/feuerwehr\/wp-json\/wp\/v2\/types\/page"}],"author":[{"embeddable":true,"href":"http:\/\/feuerwehr-suelfeld.de\/feuerwehr\/wp-json\/wp\/v2\/users\/2"}],"replies":[{"embeddable":true,"href":"http:\/\/feuerwehr-suelfeld.de\/feuerwehr\/wp-json\/wp\/v2\/comments?post=529"}],"version-history":[{"count":13,"href":"http:\/\/feuerwehr-suelfeld.de\/feuerwehr\/wp-json\/wp\/v2\/pages\/529\/revisions"}],"predecessor-version":[{"id":1954,"href":"http:\/\/feuerwehr-suelfeld.de\/feuerwehr\/wp-json\/wp\/v2\/pages\/529\/revisions\/1954"}],"wp:attachment":[{"href":"http:\/\/feuerwehr-suelfeld.de\/feuerwehr\/wp-json\/wp\/v2\/media?parent=529"}],"curies":[{"name":"wp","href":"https:\/\/api.w.org\/{rel}","templated":true}]}}