{"id":605,"date":"2016-04-28T19:33:04","date_gmt":"2016-04-28T17:33:04","guid":{"rendered":"http:\/\/feuerwehr-suelfeld.de\/feuerwehr\/?page_id=605"},"modified":"2016-04-30T20:00:35","modified_gmt":"2016-04-30T18:00:35","slug":"schutzausruestung","status":"publish","type":"page","link":"http:\/\/feuerwehr-suelfeld.de\/feuerwehr\/unsere-technik\/schutzausruestung\/","title":{"rendered":"Schutzausr\u00fcstung"},"content":{"rendered":"<p><img loading=\"lazy\" decoding=\"async\" class=\"alignnone wp-image-581 alignleft\" src=\"http:\/\/feuerwehr-suelfeld.de\/feuerwehr\/wp-content\/uploads\/2016\/04\/v-force-159x300.jpg\" alt=\"V-Force Schutzanzug\" width=\"204\" height=\"385\" srcset=\"http:\/\/feuerwehr-suelfeld.de\/feuerwehr\/wp-content\/uploads\/2016\/04\/v-force-159x300.jpg 159w, http:\/\/feuerwehr-suelfeld.de\/feuerwehr\/wp-content\/uploads\/2016\/04\/v-force.jpg 500w\" sizes=\"auto, (max-width: 204px) 100vw, 204px\" \/><\/p>\n<h6><span style=\"font-family: Helvetica,serif;\">pers\u00f6nlicher Schutzanzug<\/span><\/h6>\n<p style=\"text-align: justify;\"><span style=\"font-family: Helvetica,serif;\">Der pers\u00f6nliche Schutzanzug der Kameraden der Feuerwehr S\u00fclfeld besteht aus mehreren essenziellen Elementen zur Technischen-Hilfe sowie des Brandeinsatzes. Konkret besteht er aus einem Standard Feuerwehrhelm mit Visier zum Schutz des Gesichts, einer Feuerwehr\u00fcberjacke sowie der dazu geh\u00f6rigen Feuerwehrhose des Anzuges V-Force der Firma Lion Apparel. Besonders erw\u00e4hnenswert im Bezug auf die Jacke ist die integrierte Rettungsschlaufe zur Selbstrettung. Komplettiert wird der Anzug mit einem Paar Haix-Feuerwehrschutzstiefel mit ingetriertem Schnittschutz, welches best\u00e4ndig gegen Brandeinwirkung und diverse Chemikalien ist. Bei den Handschuhen unterscheiden wir zwischen T<\/span><span style=\"font-family: Helvetica,serif;\">echnische-Hilfe-Handschuhen und Brandschutzhandschuhen.<\/span><\/p>\n<p style=\"text-align: justify;\">Die Technische-Hilfe-Handschuhe sind d\u00fcnner, Schnitt und Durchstichfest und lassen feinere Arbeiten zu. Die Brandschutzhandschuhe sind deutlich dicher, w\u00e4rmer und sind eher f\u00fcr grobe Arbeiten im Brandeinsatz vorgesehen.<\/p>\n<p>&nbsp;<\/p>\n<p>&nbsp;<\/p>\n<p>&nbsp;<\/p>\n<p>&nbsp;<\/p>\n<h6><img loading=\"lazy\" decoding=\"async\" class=\"wp-image-580 alignleft\" src=\"http:\/\/feuerwehr-suelfeld.de\/feuerwehr\/wp-content\/uploads\/2016\/04\/psa_atemschutz-131x300.jpg\" alt=\"Atemschutz\" width=\"205\" height=\"470\" srcset=\"http:\/\/feuerwehr-suelfeld.de\/feuerwehr\/wp-content\/uploads\/2016\/04\/psa_atemschutz-131x300.jpg 131w, http:\/\/feuerwehr-suelfeld.de\/feuerwehr\/wp-content\/uploads\/2016\/04\/psa_atemschutz.jpg 400w\" sizes=\"auto, (max-width: 205px) 100vw, 205px\" \/><\/h6>\n<h6><span style=\"font-family: Helvetica,serif;\">pers\u00f6nlicher Schutzanzug mit Atemschutzger\u00e4t<br \/>\n<\/span><\/h6>\n<p style=\"text-align: justify;\"><span style=\"font-family: Helvetica,serif;\">Zur Zusatzausr\u00fcstung speziell ausgebildeter Feuerwehrkameraden z\u00e4hlt das Tragen von umluftunabh\u00e4nigen Atemschutzger\u00e4ten. Diese Kameraden werden im Lehrgang &#8222;Tragen von Atemschutzger\u00e4ten&#8220; geschult und d\u00fcrfen bei bestandener Pr\u00fcfung dieses anwenden. <\/span><\/p>\n<p style=\"text-align: justify;\"><span style=\"font-family: Helvetica,serif;\">Einmal j\u00e4hrlich m\u00fcssen die Atemschutzger\u00e4tetr\u00e4ger eine \u00dcbungsstrecke der Kreisfeuerwehrzentrale in Bad Segeberg absolvieren, um ihre Tauglichkeit zu best\u00e4tigen. Dazu muss jeder Ger\u00e4tetr\u00e4ger die Grunduntersuchung G26.3 bestanden haben, die alle 3 Jahre durch einen Betriebsarzt erneuert wird und damit die Tauglichkeit eines Atemschutzger\u00e4tetr\u00e4gers festlegt. Der Aufbau zum Tragen dieser Ger\u00e4te bestehlt aus einer Atemschutzmaske, einem Lungenautomaten, einer Flammenschutzhaube und einem Atemschutz mit Druck-Barometer.<\/span><\/p>\n<p>&nbsp;<\/p>\n<p>&nbsp;<\/p>\n<p>&nbsp;<\/p>\n<p>&nbsp;<\/p>\n<p>&nbsp;<\/p>\n<p>&nbsp;<\/p>\n<p><span style=\"font-family: Helvetica,serif;\"><img loading=\"lazy\" decoding=\"async\" class=\"wp-image-579 alignleft\" src=\"http:\/\/feuerwehr-suelfeld.de\/feuerwehr\/wp-content\/uploads\/2016\/04\/hitzeschutz-188x300.jpg\" alt=\"Hitzeschutzanzug\" width=\"205\" height=\"328\" srcset=\"http:\/\/feuerwehr-suelfeld.de\/feuerwehr\/wp-content\/uploads\/2016\/04\/hitzeschutz-188x300.jpg 188w, http:\/\/feuerwehr-suelfeld.de\/feuerwehr\/wp-content\/uploads\/2016\/04\/hitzeschutz.jpg 500w\" sizes=\"auto, (max-width: 205px) 100vw, 205px\" \/><\/span><\/p>\n<h6><span style=\"font-family: Helvetica,serif;\">Hitzeschutzbekleidung <\/span><\/h6>\n<p style=\"text-align: justify;\"><span style=\"font-family: Helvetica,serif; color: #000000;\">Die Hitzeschutzanz\u00fcge dienen dem Schutz der Kameraden\u00a0 vor extremer Hitzestrahlung, wie sie zum Beispiel bei Gas- oder Fl\u00fcssigkeitsbr\u00e4nden entstehen kann. Die Hitzeschutzbekleidung besteht aus einem mehrlagigen, isolierenden Innenanzug und einer Metallbeschichtung. Die Sichtscheibe dieses Anzuges ist mit Gold bedampft.<\/span><\/p>\n<p style=\"text-align: justify;\"><span style=\"color: #000000;\">Hitzeschutzkleidung soll vor thermischen Risiken sch\u00fctzen. Thermische Risiken sind Flammen, Kontakthitze, Strahlungshitze, Funken, feuerfl\u00fcssiger Medien sowie hei\u00dfe Gase und D\u00e4mpfe. Die Schutzwirkung der Kleidung muss w\u00e4hrend der Einwirkung erhalten bleiben, das hei\u00dft, die Kleidung muss selbst verl\u00f6schend sein, sie darf nicht schmelzen und nicht schrumpfen.<\/span><\/p>\n<p>&nbsp;<\/p>\n<p>&nbsp;<\/p>\n<p><img loading=\"lazy\" decoding=\"async\" class=\"wp-image-578 alignleft\" src=\"http:\/\/feuerwehr-suelfeld.de\/feuerwehr\/wp-content\/uploads\/2016\/04\/first-responder-psa-149x300.jpg\" alt=\"first-responder-jacke\" width=\"205\" height=\"413\" srcset=\"http:\/\/feuerwehr-suelfeld.de\/feuerwehr\/wp-content\/uploads\/2016\/04\/first-responder-psa-149x300.jpg 149w, http:\/\/feuerwehr-suelfeld.de\/feuerwehr\/wp-content\/uploads\/2016\/04\/first-responder-psa.jpg 400w\" sizes=\"auto, (max-width: 205px) 100vw, 205px\" \/><\/p>\n<h6><span style=\"font-family: Helvetica,serif;\">pers\u00f6nlicher Schutzanzug &#8211; First Responder<br \/>\n<\/span><\/h6>\n<p style=\"text-align: justify;\"><span style=\"font-family: Helvetica,serif;\">Der pers\u00f6nliche Schutzanzug der First Responder besteht aus Feuerwehrstiefeln, einer roten Schutzjacke Flame Retardant Fabric und Feuerwehrhose des Anzuges V-Force der Firma Lion Apparel. Bei Verkehrsunf\u00e4llen wird zus\u00e4tzlich der Feuerwehrhelm mit Visier getragen, um den Kameraden vor Splittern zu sch\u00fctzen.<br \/>\n<\/span><\/p>\n<p><span style=\"font-family: Helvetica,serif;\">\u00a0Das Tragen von Einmalhandschuhen ist im Kontakt mit Patienten obligatorisch, um Infektionen etc. zu verhindern.<br \/>\n<\/span><\/p>\n","protected":false},"excerpt":{"rendered":"<p>pers\u00f6nlicher Schutzanzug Der pers\u00f6nliche Schutzanzug der Kameraden der Feuerwehr S\u00fclfeld besteht aus mehreren essenziellen Elementen zur Technischen-Hilfe sowie des Brandeinsatzes. Konkret besteht er aus einem Standard Feuerwehrhelm mit Visier zum Schutz des Gesichts, einer Feuerwehr\u00fcberjacke sowie der dazu geh\u00f6rigen Feuerwehrhose des Anzuges V-Force der Firma Lion Apparel. Besonders erw\u00e4hnenswert im Bezug auf die Jacke ist die integrierte Rettungsschlaufe zur Selbstrettung. Komplettiert wird der Anzug mit einem Paar Haix-Feuerwehrschutzstiefel mit ingetriertem Schnittschutz, welches best\u00e4ndig gegen Brandeinwirkung und diverse Chemikalien ist. Bei den Handschuhen unterscheiden wir zwischen Technische-Hilfe-Handschuhen und Brandschutzhandschuhen. Die Technische-Hilfe-Handschuhe sind d\u00fcnner, Schnitt und Durchstichfest und lassen feinere Arbeiten zu. Die Brandschutzhandschuhe sind deutlich dicher, w\u00e4rmer und sind eher f\u00fcr grobe Arbeiten im Brandeinsatz vorgesehen. &nbsp; &nbsp; &nbsp; &nbsp; pers\u00f6nlicher Schutzanzug mit Atemschutzger\u00e4t Zur Zusatzausr\u00fcstung speziell ausgebildeter Feuerwehrkameraden z\u00e4hlt das Tragen von umluftunabh\u00e4nigen Atemschutzger\u00e4ten. Diese Kameraden werden im Lehrgang &#8222;Tragen von Atemschutzger\u00e4ten&#8220; geschult und d\u00fcrfen bei bestandener Pr\u00fcfung dieses anwenden. Einmal j\u00e4hrlich m\u00fcssen die Atemschutzger\u00e4tetr\u00e4ger eine \u00dcbungsstrecke der Kreisfeuerwehrzentrale in Bad Segeberg absolvieren, um ihre Tauglichkeit zu best\u00e4tigen. Dazu muss jeder Ger\u00e4tetr\u00e4ger die Grunduntersuchung G26.3 bestanden haben, die alle 3 Jahre durch einen Betriebsarzt erneuert wird und damit die Tauglichkeit eines Atemschutzger\u00e4tetr\u00e4gers festlegt. Der Aufbau zum Tragen dieser Ger\u00e4te bestehlt aus einer Atemschutzmaske, einem Lungenautomaten, einer Flammenschutzhaube und einem Atemschutz mit Druck-Barometer. &nbsp; &nbsp; &nbsp; &nbsp; &nbsp; &nbsp; Hitzeschutzbekleidung Die Hitzeschutzanz\u00fcge dienen dem Schutz der Kameraden\u00a0 vor extremer Hitzestrahlung, wie sie zum Beispiel bei Gas- oder Fl\u00fcssigkeitsbr\u00e4nden entstehen kann. Die Hitzeschutzbekleidung besteht aus einem mehrlagigen, isolierenden Innenanzug und einer Metallbeschichtung. Die Sichtscheibe dieses Anzuges ist mit Gold bedampft. Hitzeschutzkleidung soll vor thermischen Risiken sch\u00fctzen. Thermische Risiken sind Flammen, Kontakthitze, Strahlungshitze, Funken, feuerfl\u00fcssiger Medien sowie hei\u00dfe Gase und D\u00e4mpfe. Die Schutzwirkung der Kleidung muss w\u00e4hrend der Einwirkung erhalten bleiben, das hei\u00dft, die Kleidung muss selbst verl\u00f6schend sein, sie darf nicht schmelzen<\/p>\n","protected":false},"author":2,"featured_media":0,"parent":11,"menu_order":1,"comment_status":"closed","ping_status":"closed","template":"","meta":{"footnotes":""},"class_list":["post-605","page","type-page","status-publish","hentry"],"_links":{"self":[{"href":"http:\/\/feuerwehr-suelfeld.de\/feuerwehr\/wp-json\/wp\/v2\/pages\/605","targetHints":{"allow":["GET"]}}],"collection":[{"href":"http:\/\/feuerwehr-suelfeld.de\/feuerwehr\/wp-json\/wp\/v2\/pages"}],"about":[{"href":"http:\/\/feuerwehr-suelfeld.de\/feuerwehr\/wp-json\/wp\/v2\/types\/page"}],"author":[{"embeddable":true,"href":"http:\/\/feuerwehr-suelfeld.de\/feuerwehr\/wp-json\/wp\/v2\/users\/2"}],"replies":[{"embeddable":true,"href":"http:\/\/feuerwehr-suelfeld.de\/feuerwehr\/wp-json\/wp\/v2\/comments?post=605"}],"version-history":[{"count":41,"href":"http:\/\/feuerwehr-suelfeld.de\/feuerwehr\/wp-json\/wp\/v2\/pages\/605\/revisions"}],"predecessor-version":[{"id":940,"href":"http:\/\/feuerwehr-suelfeld.de\/feuerwehr\/wp-json\/wp\/v2\/pages\/605\/revisions\/940"}],"up":[{"embeddable":true,"href":"http:\/\/feuerwehr-suelfeld.de\/feuerwehr\/wp-json\/wp\/v2\/pages\/11"}],"wp:attachment":[{"href":"http:\/\/feuerwehr-suelfeld.de\/feuerwehr\/wp-json\/wp\/v2\/media?parent=605"}],"curies":[{"name":"wp","href":"https:\/\/api.w.org\/{rel}","templated":true}]}}