{"id":607,"date":"2016-04-28T19:33:31","date_gmt":"2016-04-28T17:33:31","guid":{"rendered":"http:\/\/feuerwehr-suelfeld.de\/feuerwehr\/?page_id=607"},"modified":"2016-04-29T21:05:51","modified_gmt":"2016-04-29T19:05:51","slug":"brandbekaempfung","status":"publish","type":"page","link":"http:\/\/feuerwehr-suelfeld.de\/feuerwehr\/unsere-technik\/brandbekaempfung\/","title":{"rendered":"Brandbek\u00e4mpfung"},"content":{"rendered":"<h6 style=\"text-align: justify;\"><strong><img loading=\"lazy\" decoding=\"async\" class=\" wp-image-576 alignleft\" src=\"http:\/\/feuerwehr-suelfeld.de\/feuerwehr\/wp-content\/uploads\/2016\/04\/brandbekaempfung-245x300.jpg\" alt=\"Brandbekaempfung\" width=\"384\" height=\"470\" srcset=\"http:\/\/feuerwehr-suelfeld.de\/feuerwehr\/wp-content\/uploads\/2016\/04\/brandbekaempfung-245x300.jpg 245w, http:\/\/feuerwehr-suelfeld.de\/feuerwehr\/wp-content\/uploads\/2016\/04\/brandbekaempfung.jpg 700w\" sizes=\"auto, (max-width: 384px) 100vw, 384px\" \/>Innenangriff<\/strong><\/h6>\n<p style=\"text-align: justify;\">Beim Innenangriff, auch Regelangriff genannt, gehen Feuerwehrangeh\u00f6rige mit Atemschutzger\u00e4ten in das Geb\u00e4ude vor, um gezielt den Brandherd zu finden und abzul\u00f6schen. Hier ist das Risiko gr\u00f6\u00dfer, jedoch kann das L\u00f6schmittel viel effizienter eingesetzt werden. Im Innenangriff hat sich der Einsatz von Druckbel\u00fcftern bew\u00e4hrt, welche bei richtigem Einsatz einen leichten \u00dcberdruck im Geb\u00e4ude erzeugen. Der Rauch mitsamt den unverbrannten Gasen wird so aus den Innenr\u00e4umen entfernt, was die Gefahr einer pl\u00f6tzlichen Rauchgasdurchz\u00fcndung oder Rauchgasexplosion minimiert und dem vorgehenden Angriffstrupp eine freie Sicht verschafft. Die Annahme, das Feuer w\u00fcrde sich durch die Zufuhr von Sauerstoff in der zugef\u00fchrten Umgebungsluft schneller ausbreiten, hat sich in der Praxis als nicht richtig erwiesen. Die Vorteile der schnellen Brandbek\u00e4mpfung und freien Sicht<img loading=\"lazy\" decoding=\"async\" class=\" wp-image-770 alignright\" src=\"http:\/\/feuerwehr-suelfeld.de\/feuerwehr\/wp-content\/uploads\/2016\/04\/Atemschutz-225x300.jpg\" alt=\"Atemschutz\" width=\"158\" height=\"211\" srcset=\"http:\/\/feuerwehr-suelfeld.de\/feuerwehr\/wp-content\/uploads\/2016\/04\/Atemschutz-225x300.jpg 225w, http:\/\/feuerwehr-suelfeld.de\/feuerwehr\/wp-content\/uploads\/2016\/04\/Atemschutz.jpg 420w\" sizes=\"auto, (max-width: 158px) 100vw, 158px\" \/> \u00fcberwiegen. So verringert der Einsatz des Druckbel\u00fcfters nicht nur das Risiko f\u00fcr die Feuerwehrleute, sondern auch die Gefahr von \u00fcberm\u00e4\u00dfigen Wassersch\u00e4den, da der Brandherd schneller lokalisiert und exakter bek\u00e4mpft werden kann.<\/p>\n<p style=\"text-align: justify;\">Zur Sicherheit der Feuerwehrleute wird inzwischen empfohlen, neben der vorgeschriebenen pers\u00f6nlichen Schutzausr\u00fcstung zus\u00e4tzliche Ger\u00e4te (z.B. Beleuchtung, Rettungsschlinge, Totmannwarner und Rettungsmesser) mitzuf\u00fchren.<\/p>\n<p style=\"text-align: justify;\">Vermehrt werden auch W\u00e4rmebildkameras eingesetzt, mit denen Brandherde bzw. Personen auch im dichten Rauch feststellbar sind.<\/p>\n<h6 style=\"text-align: justify;\"><strong>Gefahren im Innenangriff<\/strong><\/h6>\n<p style=\"text-align: justify;\">Die Gefahr eines Inn<\/p>\n<p style=\"text-align: justify;\">enangriffs ist sehr hoch, da es schnell dazu kommen kann, dass Kameraden im Feuer eingeschlossen<\/p>\n<figure id=\"attachment_766\" aria-describedby=\"caption-attachment-766\" style=\"width: 296px\" class=\"wp-caption alignright\"><img loading=\"lazy\" decoding=\"async\" class=\" wp-image-766\" src=\"http:\/\/feuerwehr-suelfeld.de\/feuerwehr\/wp-content\/uploads\/2016\/04\/Gararenbrand-300x225.jpg\" alt=\"Garagenbrand in Seeth 2014.\" width=\"296\" height=\"222\" srcset=\"http:\/\/feuerwehr-suelfeld.de\/feuerwehr\/wp-content\/uploads\/2016\/04\/Gararenbrand-300x225.jpg 300w, http:\/\/feuerwehr-suelfeld.de\/feuerwehr\/wp-content\/uploads\/2016\/04\/Gararenbrand.jpg 653w\" sizes=\"auto, (max-width: 296px) 100vw, 296px\" \/><figcaption id=\"caption-attachment-766\" class=\"wp-caption-text\">Garagenbrand in Seth 2014.<\/figcaption><\/figure>\n<p style=\"text-align: justify;\">werden oder von herunterfallenden Tr\u00fcmmern getroffen werden. Zur Sicherheit wird immer ein Sicherheitstrupp abgestellt, der jederzeit eingreifen kann, um die Kamerden aus der Notlage zu retten.<\/p>\n<h6 style=\"text-align: justify;\"><strong>Au\u00dfenangriff<\/strong><\/h6>\n<p style=\"text-align: justify;\">Beim Au\u00dfenangriff erfolgt die Brandbek\u00e4mpfung von au\u00dfen durch Geb\u00e4ude\u00f6ffnungen wie Fenster, T\u00fcren, Dachluken oder bereits durchgebrannte Geb\u00e4udeteile. Dies ist f\u00fcr die Feuerwehrleute die sicherere Methode, wenn beispielsweise die Standsicherheit des Geb\u00e4udes eine gro\u00dfe Gefahr f\u00fcr die Einsatzkr\u00e4fte darstellt.<\/p>\n<p style=\"text-align: justify;\">Das Risiko eines Wasserschadens ist gr\u00f6\u00dfer, da man bei starker Rauchentwicklung oft nicht erkennen kann, ob man \u00fcberhaupt mit dem Wasserstrahl die Brandstelle von au\u00dfen trifft.<\/p>\n<figure id=\"attachment_764\" aria-describedby=\"caption-attachment-764\" style=\"width: 301px\" class=\"wp-caption alignleft\"><img loading=\"lazy\" decoding=\"async\" class=\"wp-image-764 \" src=\"http:\/\/feuerwehr-suelfeld.de\/feuerwehr\/wp-content\/uploads\/2016\/04\/Fahrzeugbrand-300x225.jpg\" alt=\"Fahrzeugbrand\" width=\"301\" height=\"226\" srcset=\"http:\/\/feuerwehr-suelfeld.de\/feuerwehr\/wp-content\/uploads\/2016\/04\/Fahrzeugbrand-300x225.jpg 300w, http:\/\/feuerwehr-suelfeld.de\/feuerwehr\/wp-content\/uploads\/2016\/04\/Fahrzeugbrand.jpg 560w\" sizes=\"auto, (max-width: 301px) 100vw, 301px\" \/><figcaption id=\"caption-attachment-764\" class=\"wp-caption-text\">Fahrzeugbrand am Vierthof 2014.<\/figcaption><\/figure>\n<p style=\"text-align: justify;\">Der Au\u00dfenangriff sollte nach M\u00f6glichkeit die Ausnahme bleiben. Aber gerade kleinere Feuerwehren mit wenig Personal bzw. Ausr\u00fcstung k\u00f6nnen keinen personal- und ger\u00e4teintensiven Innenangriff durchf\u00fchren. Der Grund daf\u00fcr liegt beispielsweise in der Voraussetzung, dass f\u00fcr jeden Angriffstrupp ein Rettungstrupp bereitstehen muss, sofern keine Menschenrettungsma\u00dfnahmen durchgef\u00fchrt werden.<\/p>\n<p>&nbsp;<\/p>\n<p>&nbsp;<\/p>\n<p>&nbsp;<\/p>\n<p>&nbsp;<\/p>\n<p>&nbsp;<\/p>\n<p>&nbsp;<\/p>\n","protected":false},"excerpt":{"rendered":"<p>Innenangriff Beim Innenangriff, auch Regelangriff genannt, gehen Feuerwehrangeh\u00f6rige mit Atemschutzger\u00e4ten in das Geb\u00e4ude vor, um gezielt den Brandherd zu finden und abzul\u00f6schen. Hier ist das Risiko gr\u00f6\u00dfer, jedoch kann das L\u00f6schmittel viel effizienter eingesetzt werden. Im Innenangriff hat sich der Einsatz von Druckbel\u00fcftern bew\u00e4hrt, welche bei richtigem Einsatz einen leichten \u00dcberdruck im Geb\u00e4ude erzeugen. Der Rauch mitsamt den unverbrannten Gasen wird so aus den Innenr\u00e4umen entfernt, was die Gefahr einer pl\u00f6tzlichen Rauchgasdurchz\u00fcndung oder Rauchgasexplosion minimiert und dem vorgehenden Angriffstrupp eine freie Sicht verschafft. Die Annahme, das Feuer w\u00fcrde sich durch die Zufuhr von Sauerstoff in der zugef\u00fchrten Umgebungsluft schneller ausbreiten, hat sich in der Praxis als nicht richtig erwiesen. Die Vorteile der schnellen Brandbek\u00e4mpfung und freien Sicht \u00fcberwiegen. So verringert der Einsatz des Druckbel\u00fcfters nicht nur das Risiko f\u00fcr die Feuerwehrleute, sondern auch die Gefahr von \u00fcberm\u00e4\u00dfigen Wassersch\u00e4den, da der Brandherd schneller lokalisiert und exakter bek\u00e4mpft werden kann. Zur Sicherheit der Feuerwehrleute wird inzwischen empfohlen, neben der vorgeschriebenen pers\u00f6nlichen Schutzausr\u00fcstung zus\u00e4tzliche Ger\u00e4te (z.B. Beleuchtung, Rettungsschlinge, Totmannwarner und Rettungsmesser) mitzuf\u00fchren. Vermehrt werden auch W\u00e4rmebildkameras eingesetzt, mit denen Brandherde bzw. Personen auch im dichten Rauch feststellbar sind. Gefahren im Innenangriff Die Gefahr eines Inn enangriffs ist sehr hoch, da es schnell dazu kommen kann, dass Kameraden im Feuer eingeschlossen werden oder von herunterfallenden Tr\u00fcmmern getroffen werden. Zur Sicherheit wird immer ein Sicherheitstrupp abgestellt, der jederzeit eingreifen kann, um die Kamerden aus der Notlage zu retten. Au\u00dfenangriff Beim Au\u00dfenangriff erfolgt die Brandbek\u00e4mpfung von au\u00dfen durch Geb\u00e4ude\u00f6ffnungen wie Fenster, T\u00fcren, Dachluken oder bereits durchgebrannte Geb\u00e4udeteile. Dies ist f\u00fcr die Feuerwehrleute die sicherere Methode, wenn beispielsweise die Standsicherheit des Geb\u00e4udes eine gro\u00dfe Gefahr f\u00fcr die Einsatzkr\u00e4fte darstellt. Das Risiko eines Wasserschadens ist gr\u00f6\u00dfer, da man bei starker Rauchentwicklung oft nicht erkennen kann, ob man \u00fcberhaupt mit dem Wasserstrahl die Brandstelle von au\u00dfen trifft. Der Au\u00dfenangriff<\/p>\n","protected":false},"author":2,"featured_media":0,"parent":11,"menu_order":2,"comment_status":"closed","ping_status":"closed","template":"","meta":{"footnotes":""},"class_list":["post-607","page","type-page","status-publish","hentry"],"_links":{"self":[{"href":"http:\/\/feuerwehr-suelfeld.de\/feuerwehr\/wp-json\/wp\/v2\/pages\/607","targetHints":{"allow":["GET"]}}],"collection":[{"href":"http:\/\/feuerwehr-suelfeld.de\/feuerwehr\/wp-json\/wp\/v2\/pages"}],"about":[{"href":"http:\/\/feuerwehr-suelfeld.de\/feuerwehr\/wp-json\/wp\/v2\/types\/page"}],"author":[{"embeddable":true,"href":"http:\/\/feuerwehr-suelfeld.de\/feuerwehr\/wp-json\/wp\/v2\/users\/2"}],"replies":[{"embeddable":true,"href":"http:\/\/feuerwehr-suelfeld.de\/feuerwehr\/wp-json\/wp\/v2\/comments?post=607"}],"version-history":[{"count":15,"href":"http:\/\/feuerwehr-suelfeld.de\/feuerwehr\/wp-json\/wp\/v2\/pages\/607\/revisions"}],"predecessor-version":[{"id":938,"href":"http:\/\/feuerwehr-suelfeld.de\/feuerwehr\/wp-json\/wp\/v2\/pages\/607\/revisions\/938"}],"up":[{"embeddable":true,"href":"http:\/\/feuerwehr-suelfeld.de\/feuerwehr\/wp-json\/wp\/v2\/pages\/11"}],"wp:attachment":[{"href":"http:\/\/feuerwehr-suelfeld.de\/feuerwehr\/wp-json\/wp\/v2\/media?parent=607"}],"curies":[{"name":"wp","href":"https:\/\/api.w.org\/{rel}","templated":true}]}}