{"id":610,"date":"2016-04-28T19:35:03","date_gmt":"2016-04-28T17:35:03","guid":{"rendered":"http:\/\/feuerwehr-suelfeld.de\/feuerwehr\/?page_id=610"},"modified":"2016-04-29T08:26:36","modified_gmt":"2016-04-29T06:26:36","slug":"verkehrsunfall-rettung","status":"publish","type":"page","link":"http:\/\/feuerwehr-suelfeld.de\/feuerwehr\/unsere-technik\/verkehrsunfall-rettung\/","title":{"rendered":"Verkehrsunfall-Rettung"},"content":{"rendered":"<p style=\"text-align: justify;\">Mit der Anschaffung unseres Hilfeleistungs-L\u00f6schfahrzeug 2013 erweiterte sich unser Aufgabengebiet deutlich. Zu einer weiteren Aufgabe wurde das Thema &#8222;Verkehrsunfallrettung&#8220;.<\/p>\n<p style=\"text-align: justify;\"><img loading=\"lazy\" decoding=\"async\" class=\"wp-image-583 alignleft\" src=\"http:\/\/feuerwehr-suelfeld.de\/feuerwehr\/wp-content\/uploads\/2016\/04\/verkehrsunfallrettung-300x230.jpg\" alt=\"Verkehrsunfallrettung\" width=\"450\" height=\"345\" srcset=\"http:\/\/feuerwehr-suelfeld.de\/feuerwehr\/wp-content\/uploads\/2016\/04\/verkehrsunfallrettung-300x230.jpg 300w, http:\/\/feuerwehr-suelfeld.de\/feuerwehr\/wp-content\/uploads\/2016\/04\/verkehrsunfallrettung-768x589.jpg 768w, http:\/\/feuerwehr-suelfeld.de\/feuerwehr\/wp-content\/uploads\/2016\/04\/verkehrsunfallrettung.jpg 850w\" sizes=\"auto, (max-width: 450px) 100vw, 450px\" \/><\/p>\n<p style=\"text-align: justify;\">Unter der Verkehrsunfallrettung versteht man das Retten von Personen aus verunfallten Kraftfahrzeugen. Hierbei gilt es vor allem ein deformiertes Fahrzeug zu \u00f6ffnen und Patienten schonend ohne eine Verschlimmerung ihrer Verletzungen aus dem Wrack zu befreien.<\/p>\n<p style=\"text-align: justify;\">Die zentrale Einheit unseres Rettungsequipement bildet dabei das hydraulische Rettungsger\u00e4t mit einem Spreitzer, einer Schere, einem kleinen Pedalschneider und zwei Rettungszylindern, sowie dem dazugeh\u00f6rigen Hydraulikagregat. Eine der ersten Aufgaben in der Verkehrsunfallrettung ist die Sicherung des Unfallfahrzeuges. Hierf\u00fcr stehen uns div. Pahlh\u00f6lzer, ein Stab-Fast-System zur Seitenstabilisierung und Spanngurte zur Verf\u00fcgung.<\/p>\n<p style=\"text-align: justify;\">Der einzige Airbag, den wir gegen eine unfreiwillige Ausbreitung sichern k\u00f6nnen, ist der Lenkradairbag.<\/p>\n<figure id=\"attachment_749\" aria-describedby=\"caption-attachment-749\" style=\"width: 206px\" class=\"wp-caption alignright\"><img loading=\"lazy\" decoding=\"async\" class=\" wp-image-749\" src=\"http:\/\/feuerwehr-suelfeld.de\/feuerwehr\/wp-content\/uploads\/2016\/04\/Verkehrsunfallrettung-225x300.jpg\" alt=\"Verkehrsunfallrettung 2013\" width=\"206\" height=\"275\" srcset=\"http:\/\/feuerwehr-suelfeld.de\/feuerwehr\/wp-content\/uploads\/2016\/04\/Verkehrsunfallrettung-225x300.jpg 225w, http:\/\/feuerwehr-suelfeld.de\/feuerwehr\/wp-content\/uploads\/2016\/04\/Verkehrsunfallrettung.jpg 600w\" sizes=\"auto, (max-width: 206px) 100vw, 206px\" \/><figcaption id=\"caption-attachment-749\" class=\"wp-caption-text\">Verkehrsunfallrettung 2013<\/figcaption><\/figure>\n<p style=\"text-align: justify;\">Hierzu dient das Octopus-System, welches mittels eines Spanngurtsystems sich wie ein Krake auf das Lenkrad setzt. Somit werden weitere Verletzungen im Bauch, Kopf und Brustraum, sowie eine Gef\u00e4hrdung des inneren Retters verhindert.<\/p>\n<p style=\"text-align: justify;\">Der rote Koffer enth\u00e4lt alle notwendigen Mittel, um die Glasscheiben am Fahrzeug sicher zu entfernen. Glasscheiben m\u00fcssen vor dem \u00d6ffnen des Fahrzeuges mittels hydraulischem Rettungsger\u00e4t generell entfernt werden, da durch die Spannungen Scheiben splittern k\u00f6nnen und damit die Rettungskr\u00e4fte gef\u00e4hrden.<\/p>\n<p style=\"text-align: justify;\">Schlussendlich wird der Patient zusammen mit dem Rettungsdienst \u00fcber das Spineboard (oranges Kunsttoffbrett) achsengerecht, also ohne unbeabsichtigtes Verdrehen der Wirbels\u00e4ule, aus dem Fahrzeug gerettet.<\/p>\n<p style=\"text-align: justify;\"><strong>Heben von schweren Lasten<\/strong><\/p>\n<p style=\"text-align: justify;\">Nat\u00fcrlich kann\u00a0 man mit dem hydraulischen Rettungsger\u00e4t auch schwere Lasten im Tonnenbereich anheben. Da dieses aber oft relativ wackelig ist, besitzt das Hilfeleistungsl\u00f6schfahrzeug weiterhin verschiedene Gr\u00f6\u00dfen an Hebekissen, die mittels Luftdruck schwere Lasten anheben k\u00f6nnen. Zum Sichern dieser Lasten dienen im Einsatzverlauf dann wiederum die zahlreichen Pahlh\u00f6lzer.<\/p>\n","protected":false},"excerpt":{"rendered":"<p>Mit der Anschaffung unseres Hilfeleistungs-L\u00f6schfahrzeug 2013 erweiterte sich unser Aufgabengebiet deutlich. Zu einer weiteren Aufgabe wurde das Thema &#8222;Verkehrsunfallrettung&#8220;. Unter der Verkehrsunfallrettung versteht man das Retten von Personen aus verunfallten Kraftfahrzeugen. Hierbei gilt es vor allem ein deformiertes Fahrzeug zu \u00f6ffnen und Patienten schonend ohne eine Verschlimmerung ihrer Verletzungen aus dem Wrack zu befreien. Die zentrale Einheit unseres Rettungsequipement bildet dabei das hydraulische Rettungsger\u00e4t mit einem Spreitzer, einer Schere, einem kleinen Pedalschneider und zwei Rettungszylindern, sowie dem dazugeh\u00f6rigen Hydraulikagregat. Eine der ersten Aufgaben in der Verkehrsunfallrettung ist die Sicherung des Unfallfahrzeuges. Hierf\u00fcr stehen uns div. Pahlh\u00f6lzer, ein Stab-Fast-System zur Seitenstabilisierung und Spanngurte zur Verf\u00fcgung. Der einzige Airbag, den wir gegen eine unfreiwillige Ausbreitung sichern k\u00f6nnen, ist der Lenkradairbag. Hierzu dient das Octopus-System, welches mittels eines Spanngurtsystems sich wie ein Krake auf das Lenkrad setzt. Somit werden weitere Verletzungen im Bauch, Kopf und Brustraum, sowie eine Gef\u00e4hrdung des inneren Retters verhindert. Der rote Koffer enth\u00e4lt alle notwendigen Mittel, um die Glasscheiben am Fahrzeug sicher zu entfernen. Glasscheiben m\u00fcssen vor dem \u00d6ffnen des Fahrzeuges mittels hydraulischem Rettungsger\u00e4t generell entfernt werden, da durch die Spannungen Scheiben splittern k\u00f6nnen und damit die Rettungskr\u00e4fte gef\u00e4hrden. Schlussendlich wird der Patient zusammen mit dem Rettungsdienst \u00fcber das Spineboard (oranges Kunsttoffbrett) achsengerecht, also ohne unbeabsichtigtes Verdrehen der Wirbels\u00e4ule, aus dem Fahrzeug gerettet. Heben von schweren Lasten Nat\u00fcrlich kann\u00a0 man mit dem hydraulischen Rettungsger\u00e4t auch schwere Lasten im Tonnenbereich anheben. Da dieses aber oft relativ wackelig ist, besitzt das Hilfeleistungsl\u00f6schfahrzeug weiterhin verschiedene Gr\u00f6\u00dfen an Hebekissen, die mittels Luftdruck schwere Lasten anheben k\u00f6nnen. Zum Sichern dieser Lasten dienen im Einsatzverlauf dann wiederum die zahlreichen Pahlh\u00f6lzer.<\/p>\n","protected":false},"author":2,"featured_media":0,"parent":11,"menu_order":4,"comment_status":"closed","ping_status":"closed","template":"","meta":{"footnotes":""},"class_list":["post-610","page","type-page","status-publish","hentry"],"_links":{"self":[{"href":"http:\/\/feuerwehr-suelfeld.de\/feuerwehr\/wp-json\/wp\/v2\/pages\/610","targetHints":{"allow":["GET"]}}],"collection":[{"href":"http:\/\/feuerwehr-suelfeld.de\/feuerwehr\/wp-json\/wp\/v2\/pages"}],"about":[{"href":"http:\/\/feuerwehr-suelfeld.de\/feuerwehr\/wp-json\/wp\/v2\/types\/page"}],"author":[{"embeddable":true,"href":"http:\/\/feuerwehr-suelfeld.de\/feuerwehr\/wp-json\/wp\/v2\/users\/2"}],"replies":[{"embeddable":true,"href":"http:\/\/feuerwehr-suelfeld.de\/feuerwehr\/wp-json\/wp\/v2\/comments?post=610"}],"version-history":[{"count":10,"href":"http:\/\/feuerwehr-suelfeld.de\/feuerwehr\/wp-json\/wp\/v2\/pages\/610\/revisions"}],"predecessor-version":[{"id":753,"href":"http:\/\/feuerwehr-suelfeld.de\/feuerwehr\/wp-json\/wp\/v2\/pages\/610\/revisions\/753"}],"up":[{"embeddable":true,"href":"http:\/\/feuerwehr-suelfeld.de\/feuerwehr\/wp-json\/wp\/v2\/pages\/11"}],"wp:attachment":[{"href":"http:\/\/feuerwehr-suelfeld.de\/feuerwehr\/wp-json\/wp\/v2\/media?parent=610"}],"curies":[{"name":"wp","href":"https:\/\/api.w.org\/{rel}","templated":true}]}}