{"id":7,"date":"2016-03-08T11:37:48","date_gmt":"2016-03-08T10:37:48","guid":{"rendered":"http:\/\/feuerwehr-suelfeld.de\/feuerwehr\/?page_id=7"},"modified":"2016-04-28T22:36:11","modified_gmt":"2016-04-28T20:36:11","slug":"unsere-feuerwehr","status":"publish","type":"page","link":"http:\/\/feuerwehr-suelfeld.de\/feuerwehr\/unsere-feuerwehr\/","title":{"rendered":"Unsere Feuerwehr"},"content":{"rendered":"<p><strong>Retten &#8211; L\u00f6schen &#8211; Bergen &#8211; Sch\u00fctzen<\/strong><del><em><strong><br \/>\n<\/strong><\/em><\/del><\/p>\n<p>&#8230; diese vier Worte bilden das Aufgabenfeld der Feuerwehr und somit auch unserer freiwilligen Feuerwehr S\u00fclfeld. Weiterhin bildet die Reihenfolge der W\u00f6rter die Wichtigkeit der Aufgaben ab.<\/p>\n<p>Unter &#8222;Retten&#8220; versteht man das Befreien von Personen oder Tieren aus bedrohlichen Situationen. Hierzu z\u00e4hlen Brandsituationen, Unf\u00e4lle aller Arten und auch freiwillige Todesabsichten.<\/p>\n<p>&#8222;L\u00f6schen&#8220; ist nat\u00fcrlich das L\u00f6schen von Br\u00e4nden aller Arten nachdem Personen und Tiere von uns aus der gef\u00e4hrlichen Situation gerettet wurden.<\/p>\n<p>Der Begriff &#8222;Bergen&#8220; beinhaltet vor allem das Sichern von Sachg\u00fctern aus Gefahrsituationen und verunfallten Gegenst\u00e4nden wie Fahrzeugen zur Verhinderung von Umweltunf\u00e4llen (\u00d6l- und Chemikalienunf\u00e4lle).<\/p>\n<p>&#8222;Gesch\u00fctzt&#8220; werden ebenfalls \u00fcberwiegend Sachg\u00fcter, aber auch Gemeinschaften wie Dorfbewohner zum Beispiel vor Hochwasser, Dammbruch oder Fl\u00e4chen- und Waldbr\u00e4nden.<\/p>\n<p>Diese vier Leitworte bilden die T\u00e4tigkeit ab, das h\u00f6chste Gut ist allerdings das Band der Kameradschaft in der freiwilligen Feuerwehr. Jeder Kamerad kann sich auf seinen Nebenmann oder -frau verlassen. Privat wie auch im Einsatz.<\/p>\n","protected":false},"excerpt":{"rendered":"<p>Retten &#8211; L\u00f6schen &#8211; Bergen &#8211; Sch\u00fctzen &#8230; diese vier Worte bilden das Aufgabenfeld der Feuerwehr und somit auch unserer freiwilligen Feuerwehr S\u00fclfeld. Weiterhin bildet die Reihenfolge der W\u00f6rter die Wichtigkeit der Aufgaben ab. Unter &#8222;Retten&#8220; versteht man das Befreien von Personen oder Tieren aus bedrohlichen Situationen. Hierzu z\u00e4hlen Brandsituationen, Unf\u00e4lle aller Arten und auch freiwillige Todesabsichten. &#8222;L\u00f6schen&#8220; ist nat\u00fcrlich das L\u00f6schen von Br\u00e4nden aller Arten nachdem Personen und Tiere von uns aus der gef\u00e4hrlichen Situation gerettet wurden. Der Begriff &#8222;Bergen&#8220; beinhaltet vor allem das Sichern von Sachg\u00fctern aus Gefahrsituationen und verunfallten Gegenst\u00e4nden wie Fahrzeugen zur Verhinderung von Umweltunf\u00e4llen (\u00d6l- und Chemikalienunf\u00e4lle). &#8222;Gesch\u00fctzt&#8220; werden ebenfalls \u00fcberwiegend Sachg\u00fcter, aber auch Gemeinschaften wie Dorfbewohner zum Beispiel vor Hochwasser, Dammbruch oder Fl\u00e4chen- und Waldbr\u00e4nden. Diese vier Leitworte bilden die T\u00e4tigkeit ab, das h\u00f6chste Gut ist allerdings das Band der Kameradschaft in der freiwilligen Feuerwehr. Jeder Kamerad kann sich auf seinen Nebenmann oder -frau verlassen. Privat wie auch im Einsatz.<\/p>\n","protected":false},"author":2,"featured_media":0,"parent":0,"menu_order":3,"comment_status":"closed","ping_status":"closed","template":"","meta":{"footnotes":""},"class_list":["post-7","page","type-page","status-publish","hentry"],"_links":{"self":[{"href":"http:\/\/feuerwehr-suelfeld.de\/feuerwehr\/wp-json\/wp\/v2\/pages\/7","targetHints":{"allow":["GET"]}}],"collection":[{"href":"http:\/\/feuerwehr-suelfeld.de\/feuerwehr\/wp-json\/wp\/v2\/pages"}],"about":[{"href":"http:\/\/feuerwehr-suelfeld.de\/feuerwehr\/wp-json\/wp\/v2\/types\/page"}],"author":[{"embeddable":true,"href":"http:\/\/feuerwehr-suelfeld.de\/feuerwehr\/wp-json\/wp\/v2\/users\/2"}],"replies":[{"embeddable":true,"href":"http:\/\/feuerwehr-suelfeld.de\/feuerwehr\/wp-json\/wp\/v2\/comments?post=7"}],"version-history":[{"count":5,"href":"http:\/\/feuerwehr-suelfeld.de\/feuerwehr\/wp-json\/wp\/v2\/pages\/7\/revisions"}],"predecessor-version":[{"id":730,"href":"http:\/\/feuerwehr-suelfeld.de\/feuerwehr\/wp-json\/wp\/v2\/pages\/7\/revisions\/730"}],"wp:attachment":[{"href":"http:\/\/feuerwehr-suelfeld.de\/feuerwehr\/wp-json\/wp\/v2\/media?parent=7"}],"curies":[{"name":"wp","href":"https:\/\/api.w.org\/{rel}","templated":true}]}}