{"id":1439,"date":"2016-12-16T22:05:58","date_gmt":"2016-12-16T21:05:58","guid":{"rendered":"http:\/\/feuerwehr-suelfeld.de\/feuerwehr\/?page_id=1439"},"modified":"2016-12-16T23:49:46","modified_gmt":"2016-12-16T22:49:46","slug":"tipps-zur-weihnachtszeit","status":"publish","type":"page","link":"https:\/\/feuerwehr-suelfeld.de\/feuerwehr\/neuigkeiten\/infothek\/tipps-zur-weihnachtszeit\/","title":{"rendered":"Tipps zur Weihnachtszeit"},"content":{"rendered":"<p style=\"text-align: justify;\">Der Duft von frisch gebackenen Pl\u00e4tzchen, R\u00e4ucherst\u00e4bchen, <img loading=\"lazy\" decoding=\"async\" class=\" wp-image-1445 alignright\" src=\"http:\/\/feuerwehr-suelfeld.de\/feuerwehr\/wp-content\/uploads\/2016\/12\/brennenderweihnachtsbaum-215x300.jpg\" alt=\"brennenderweihnachtsbaum\" width=\"155\" height=\"216\" srcset=\"https:\/\/feuerwehr-suelfeld.de\/feuerwehr\/wp-content\/uploads\/2016\/12\/brennenderweihnachtsbaum-215x300.jpg 215w, https:\/\/feuerwehr-suelfeld.de\/feuerwehr\/wp-content\/uploads\/2016\/12\/brennenderweihnachtsbaum.jpg 332w\" sizes=\"auto, (max-width: 155px) 100vw, 155px\" \/>Punsch oder Tannengr\u00fcn und ein Tannenbaum mit Wachskerzen oder Lichterkette. All dies geh\u00f6rt zur Weihnachtszeit wie die Geschenke unter dem Tannenbaum.<\/p>\n<p style=\"text-align: justify;\">Nicht beaufsichtigte Adventsgestecke oder Wachskerzen am Christbaum, sind noch die h\u00e4ufigste Ursache f\u00fcr Br\u00e4nde. Dies best\u00e4tigen die Einsatzzahlen der Feuerwehr bei Zimmer- oder Wohnungsbr\u00e4nden.<\/p>\n<p style=\"text-align: justify;\">Damit alle eine ruhige Advents- und Weihnachtszeit feiern k\u00f6nnen, m\u00f6chten wir auf dieser Seite ein paar Tipps geben, damit die Weihnachtszeit ohne einen Besuch ihrer Feuerwehr genie\u00dfen k\u00f6nnen.<\/p>\n<ul>\n<li style=\"text-align: justify;\">Stellt die Kerzen nicht in der N\u00e4he von brennbaren Gegenst\u00e4nden z.B. Geschenkpapier, Vorh\u00e4ngen oder an einem Ort mit starker Zugluft auf.<\/li>\n<\/ul>\n<ul>\n<li style=\"text-align: justify;\">Kerzen geh\u00f6ren immer in eine standfeste, nicht brennbare Halterung, an die Kinder und auch Haustiere nicht gelangen k\u00f6nnen.<\/li>\n<\/ul>\n<ul>\n<li style=\"text-align: justify;\">Lasst die Kerzen niemals unbeaufsichtigt abbrennen vor allem nicht, wenn Kinder dabei sind! Unachtsamkeit ist die Brandursache Nummer eins!<\/li>\n<\/ul>\n<ul>\n<li style=\"text-align: justify;\">L\u00f6scht die Kerzen an Adventskr\u00e4nzen und Gestecken rechtzeitig, bevor sie heruntergebrannt sind: Tannengr\u00fcn trocknet mit der Zeit aus und wird zur Brandgefahr.<\/li>\n<\/ul>\n<ul>\n<li style=\"text-align: justify;\">In Haushalten mit Kindern sollten vor allem am Weihnachtsbaum elektrische Kerzen verwendet werden. Diese sollten ein Pr\u00fcfsiegel tragen, das den VDE-Bestimmungen entspricht.<\/li>\n<\/ul>\n<ul>\n<li style=\"text-align: justify;\">Achtet bei elektrischen Lichterketten darauf, dass Steckdosen nicht \u00fcberlastet werden.<\/li>\n<\/ul>\n<ul>\n<li style=\"text-align: justify;\">Wenn Sie echte Kerzen entz\u00fcnden, stellen Sie ein entsprechendes L\u00f6schmittel wie z.B. Wassereimer oder Feuerl\u00f6scher bereit.<\/li>\n<\/ul>\n<ul>\n<li style=\"text-align: justify;\">Wenn es brennt, versuchen Sie nur dann die Flammen zu l\u00f6schen, wenn dies ohne Eigengef\u00e4hrdung m\u00f6glich ist. Ansonsten schlie\u00dfen Sie m\u00f6glichst die T\u00fcr zum Brandraum, verlassen sie mit Ihrer Familie die Wohnung und alarmieren die Feuerwehr mit dem Notruf 112.<\/li>\n<\/ul>\n<ul>\n<li style=\"text-align: justify;\">Rauchwarnmelder k\u00f6nnen Leben retten und verringern das Risiko der unbemerkten Brandausbreitung, indem sie rechtzeitig Alarm geben.<\/li>\n<\/ul>\n<p><iframe loading=\"lazy\" width=\"800\" height=\"600\" src=\"https:\/\/www.youtube.com\/embed\/3Ph-9WefkT0?feature=oembed\" frameborder=\"0\" allowfullscreen><\/iframe><\/p>\n","protected":false},"excerpt":{"rendered":"<p>Der Duft von frisch gebackenen Pl\u00e4tzchen, R\u00e4ucherst\u00e4bchen, Punsch oder Tannengr\u00fcn und ein Tannenbaum mit Wachskerzen oder Lichterkette. All dies geh\u00f6rt zur Weihnachtszeit wie die Geschenke unter dem Tannenbaum. Nicht beaufsichtigte Adventsgestecke oder Wachskerzen am Christbaum, sind noch die h\u00e4ufigste Ursache f\u00fcr Br\u00e4nde. Dies best\u00e4tigen die Einsatzzahlen der Feuerwehr bei Zimmer- oder Wohnungsbr\u00e4nden. Damit alle eine ruhige Advents- und Weihnachtszeit feiern k\u00f6nnen, m\u00f6chten wir auf dieser Seite ein paar Tipps geben, damit die Weihnachtszeit ohne einen Besuch ihrer Feuerwehr genie\u00dfen k\u00f6nnen. Stellt die Kerzen nicht in der N\u00e4he von brennbaren Gegenst\u00e4nden z.B. Geschenkpapier, Vorh\u00e4ngen oder an einem Ort mit starker Zugluft auf. Kerzen geh\u00f6ren immer in eine standfeste, nicht brennbare Halterung, an die Kinder und auch Haustiere nicht gelangen k\u00f6nnen. Lasst die Kerzen niemals unbeaufsichtigt abbrennen vor allem nicht, wenn Kinder dabei sind! Unachtsamkeit ist die Brandursache Nummer eins! L\u00f6scht die Kerzen an Adventskr\u00e4nzen und Gestecken rechtzeitig, bevor sie heruntergebrannt sind: Tannengr\u00fcn trocknet mit der Zeit aus und wird zur Brandgefahr. In Haushalten mit Kindern sollten vor allem am Weihnachtsbaum elektrische Kerzen verwendet werden. Diese sollten ein Pr\u00fcfsiegel tragen, das den VDE-Bestimmungen entspricht. Achtet bei elektrischen Lichterketten darauf, dass Steckdosen nicht \u00fcberlastet werden. Wenn Sie echte Kerzen entz\u00fcnden, stellen Sie ein entsprechendes L\u00f6schmittel wie z.B. Wassereimer oder Feuerl\u00f6scher bereit. Wenn es brennt, versuchen Sie nur dann die Flammen zu l\u00f6schen, wenn dies ohne Eigengef\u00e4hrdung m\u00f6glich ist. Ansonsten schlie\u00dfen Sie m\u00f6glichst die T\u00fcr zum Brandraum, verlassen sie mit Ihrer Familie die Wohnung und alarmieren die Feuerwehr mit dem Notruf 112. Rauchwarnmelder k\u00f6nnen Leben retten und verringern das Risiko der unbemerkten Brandausbreitung, indem sie rechtzeitig Alarm geben.<\/p>\n","protected":false},"author":4,"featured_media":0,"parent":1237,"menu_order":4,"comment_status":"closed","ping_status":"closed","template":"","meta":{"footnotes":""},"class_list":["post-1439","page","type-page","status-publish","hentry"],"_links":{"self":[{"href":"https:\/\/feuerwehr-suelfeld.de\/feuerwehr\/wp-json\/wp\/v2\/pages\/1439","targetHints":{"allow":["GET"]}}],"collection":[{"href":"https:\/\/feuerwehr-suelfeld.de\/feuerwehr\/wp-json\/wp\/v2\/pages"}],"about":[{"href":"https:\/\/feuerwehr-suelfeld.de\/feuerwehr\/wp-json\/wp\/v2\/types\/page"}],"author":[{"embeddable":true,"href":"https:\/\/feuerwehr-suelfeld.de\/feuerwehr\/wp-json\/wp\/v2\/users\/4"}],"replies":[{"embeddable":true,"href":"https:\/\/feuerwehr-suelfeld.de\/feuerwehr\/wp-json\/wp\/v2\/comments?post=1439"}],"version-history":[{"count":9,"href":"https:\/\/feuerwehr-suelfeld.de\/feuerwehr\/wp-json\/wp\/v2\/pages\/1439\/revisions"}],"predecessor-version":[{"id":1450,"href":"https:\/\/feuerwehr-suelfeld.de\/feuerwehr\/wp-json\/wp\/v2\/pages\/1439\/revisions\/1450"}],"up":[{"embeddable":true,"href":"https:\/\/feuerwehr-suelfeld.de\/feuerwehr\/wp-json\/wp\/v2\/pages\/1237"}],"wp:attachment":[{"href":"https:\/\/feuerwehr-suelfeld.de\/feuerwehr\/wp-json\/wp\/v2\/media?parent=1439"}],"curies":[{"name":"wp","href":"https:\/\/api.w.org\/{rel}","templated":true}]}}