{"id":1513,"date":"2017-04-10T19:14:10","date_gmt":"2017-04-10T17:14:10","guid":{"rendered":"http:\/\/feuerwehr-suelfeld.de\/feuerwehr\/?page_id=1513"},"modified":"2017-04-10T19:47:30","modified_gmt":"2017-04-10T17:47:30","slug":"traditionelle-wintervertreibung-osterfeuer","status":"publish","type":"page","link":"https:\/\/feuerwehr-suelfeld.de\/feuerwehr\/traditionelle-wintervertreibung-osterfeuer\/","title":{"rendered":"Traditionelle Wintervertreibung: Osterfeuer"},"content":{"rendered":"<p style=\"text-align: justify;\">Von der Nordseek\u00fcste bis an den Alpenrand lodern in wenigen Tagen wieder zahlreiche traditionelle Osterfeuer \u2013 doch dieser sch\u00f6ne Brauch f\u00fchrt j\u00e4hrlich auch zu zahlreichen Feuerwehreins\u00e4tzen. H\u00e4ufig werden Feuerwehren alarmiert, weil Br\u00e4nde au\u00dfer Kontrolle geraten oder nicht sachgem\u00e4\u00df angemeldet wurden.<\/p>\n<figure id=\"attachment_1520\" aria-describedby=\"caption-attachment-1520\" style=\"width: 300px\" class=\"wp-caption alignleft\"><img loading=\"lazy\" decoding=\"async\" class=\"wp-image-1520 size-medium\" src=\"http:\/\/feuerwehr-suelfeld.de\/feuerwehr\/wp-content\/uploads\/2017\/04\/DSCN5243-300x225.jpg\" alt=\"\" width=\"300\" height=\"225\" srcset=\"https:\/\/feuerwehr-suelfeld.de\/feuerwehr\/wp-content\/uploads\/2017\/04\/DSCN5243-300x225.jpg 300w, https:\/\/feuerwehr-suelfeld.de\/feuerwehr\/wp-content\/uploads\/2017\/04\/DSCN5243-768x576.jpg 768w, https:\/\/feuerwehr-suelfeld.de\/feuerwehr\/wp-content\/uploads\/2017\/04\/DSCN5243-1024x768.jpg 1024w, https:\/\/feuerwehr-suelfeld.de\/feuerwehr\/wp-content\/uploads\/2017\/04\/DSCN5243.jpg 1334w\" sizes=\"auto, (max-width: 300px) 100vw, 300px\" \/><figcaption id=\"caption-attachment-1520\" class=\"wp-caption-text\">Osterfeuer &#8211; Wildkoppel in S\u00fclfeld<\/figcaption><\/figure>\n<p style=\"text-align: justify;\"><strong>Wir geben hier einige Sicherheitstipps zum Osterfeuer:<\/strong><\/p>\n<ul style=\"text-align: justify;\">\n<li>Vergessen Sie nicht, Ihr Osterfeuer beim zust\u00e4ndigen Amt Itzstedt (<a href=\"https:\/\/www.amt-itzstedt.eu\/formulare\/index.php?form_id=9276\" target=\"_blank\">Anmeldung Osterfeuer)<\/a> anzumelden \u2013 Sie vermeiden so einen \u00e4rgerlichen Fehleinsatz der Feuerwehr, der unter Umst\u00e4nden geb\u00fchrenpflichtig ist.<\/li>\n<li>Verwenden Sie nur trockene Pflanzenreste und unbehandeltes Holz. Denken Sie daran, das Brennmaterial kurz vor dem Anz\u00fcnden noch einmal umzuschichten, damit Ihr Osterfeuer nicht zur Flammenfalle f\u00fcr Tiere wird.<\/li>\n<li>Halten Sie eine Zufahrt f\u00fcr die Feuerwehr und den Rettungsdienst frei. Der Sicherheitsabstand wegen Rauch und Hitze sollte mindestens 50 Meter zu Geb\u00e4uden und B\u00e4umen und mindestens 100 Meter zu Stra\u00dfen betragen. Windrichtung beachten!<\/li>\n<li>Seien Sie vorsichtig beim Anz\u00fcnden. Brennbare Fl\u00fcssigkeiten als Brandbeschleuniger bergen einhohes Risiko!<\/li>\n<li>Offenes Feuer muss grunds\u00e4tzlich beaufsichtigt werden. Sorgen Sie daf\u00fcr, dass das Feuer sich nichtunkontrolliert ausbreiten kann. Passen Sie auf kleine Kinder auf. Sie unterliegen schnell der Faszination des Feuers und untersch\u00e4tzen die ihnen unbekannte Gefahr.<\/li>\n<li>Strohballen k\u00f6nnen sich allein durch die Hitzestrahlung entz\u00fcnden und sind deshalb eine gef\u00e4hrliche Sitzgelegenheit.\n<p><figure id=\"attachment_1521\" aria-describedby=\"caption-attachment-1521\" style=\"width: 288px\" class=\"wp-caption alignright\"><img loading=\"lazy\" decoding=\"async\" class=\"wp-image-1521\" src=\"http:\/\/feuerwehr-suelfeld.de\/feuerwehr\/wp-content\/uploads\/2017\/04\/DSCN7601-300x225.jpg\" alt=\"\" width=\"288\" height=\"216\" srcset=\"https:\/\/feuerwehr-suelfeld.de\/feuerwehr\/wp-content\/uploads\/2017\/04\/DSCN7601-300x225.jpg 300w, https:\/\/feuerwehr-suelfeld.de\/feuerwehr\/wp-content\/uploads\/2017\/04\/DSCN7601-768x576.jpg 768w, https:\/\/feuerwehr-suelfeld.de\/feuerwehr\/wp-content\/uploads\/2017\/04\/DSCN7601-1024x768.jpg 1024w, https:\/\/feuerwehr-suelfeld.de\/feuerwehr\/wp-content\/uploads\/2017\/04\/DSCN7601.jpg 2000w\" sizes=\"auto, (max-width: 288px) 100vw, 288px\" \/><figcaption id=\"caption-attachment-1521\" class=\"wp-caption-text\">Osterfeuer &#8211; Wildkoppel in S\u00fclfeld<\/figcaption><\/figure><\/li>\n<li>Kleinere Verbrennungen k\u00fchlen Sie sofort mit Wasser: Maximal zehn Minuten lang (Leitungswassertemperatur 10 bis 20 Grad Celsius). Bei gro\u00dffl\u00e4chigen Verbrennungen und auf der Haut haftenden Substanzen sollte nur prim\u00e4r abgel\u00f6scht werden. Alarmieren Sie sofort den Notarzt \u00fcber die Notrufnummer 112!<\/li>\n<li>Verlassen Sie als Veranstalter bzw. Zust\u00e4ndiger die Feuerstelle nur, wenn sie komplett erkaltet ist.<\/li>\n<li>Sollte Ihnen Ihr Feuer au\u00dfer Kontrolle geraten, so z\u00f6gern Sie nicht, sofort die Feuerwehr \u00fcber Notruf 112 zu alarmieren. Die mehr als eine Million M\u00e4nner und Frauen in den deutschen Feuerwehren sind auch \u00fcber Ostern rund um die Uhr einsatzbereit, um in Not und Gefahr zu helfen.<\/li>\n<\/ul>\n<p style=\"text-align: justify;\">Wir w\u00fcnschen allen ein sch\u00f6nes und sicheres Osterfest.<\/p>\n<p style=\"text-align: justify;\">Ihre Feuerwehr S\u00fclfeld.<\/p>\n","protected":false},"excerpt":{"rendered":"<p>Von der Nordseek\u00fcste bis an den Alpenrand lodern in wenigen Tagen wieder zahlreiche traditionelle Osterfeuer \u2013 doch dieser sch\u00f6ne Brauch f\u00fchrt j\u00e4hrlich auch zu zahlreichen Feuerwehreins\u00e4tzen. H\u00e4ufig werden Feuerwehren alarmiert, weil Br\u00e4nde au\u00dfer Kontrolle geraten oder nicht sachgem\u00e4\u00df angemeldet wurden. Wir geben hier einige Sicherheitstipps zum Osterfeuer: Vergessen Sie nicht, Ihr Osterfeuer beim zust\u00e4ndigen Amt Itzstedt (Anmeldung Osterfeuer) anzumelden \u2013 Sie vermeiden so einen \u00e4rgerlichen Fehleinsatz der Feuerwehr, der unter Umst\u00e4nden geb\u00fchrenpflichtig ist. Verwenden Sie nur trockene Pflanzenreste und unbehandeltes Holz. Denken Sie daran, das Brennmaterial kurz vor dem Anz\u00fcnden noch einmal umzuschichten, damit Ihr Osterfeuer nicht zur Flammenfalle f\u00fcr Tiere wird. Halten Sie eine Zufahrt f\u00fcr die Feuerwehr und den Rettungsdienst frei. Der Sicherheitsabstand wegen Rauch und Hitze sollte mindestens 50 Meter zu Geb\u00e4uden und B\u00e4umen und mindestens 100 Meter zu Stra\u00dfen betragen. Windrichtung beachten! Seien Sie vorsichtig beim Anz\u00fcnden. Brennbare Fl\u00fcssigkeiten als Brandbeschleuniger bergen einhohes Risiko! Offenes Feuer muss grunds\u00e4tzlich beaufsichtigt werden. Sorgen Sie daf\u00fcr, dass das Feuer sich nichtunkontrolliert ausbreiten kann. Passen Sie auf kleine Kinder auf. Sie unterliegen schnell der Faszination des Feuers und untersch\u00e4tzen die ihnen unbekannte Gefahr. Strohballen k\u00f6nnen sich allein durch die Hitzestrahlung entz\u00fcnden und sind deshalb eine gef\u00e4hrliche Sitzgelegenheit. Kleinere Verbrennungen k\u00fchlen Sie sofort mit Wasser: Maximal zehn Minuten lang (Leitungswassertemperatur 10 bis 20 Grad Celsius). Bei gro\u00dffl\u00e4chigen Verbrennungen und auf der Haut haftenden Substanzen sollte nur prim\u00e4r abgel\u00f6scht werden. Alarmieren Sie sofort den Notarzt \u00fcber die Notrufnummer 112! Verlassen Sie als Veranstalter bzw. Zust\u00e4ndiger die Feuerstelle nur, wenn sie komplett erkaltet ist. Sollte Ihnen Ihr Feuer au\u00dfer Kontrolle geraten, so z\u00f6gern Sie nicht, sofort die Feuerwehr \u00fcber Notruf 112 zu alarmieren. Die mehr als eine Million M\u00e4nner und Frauen in den deutschen Feuerwehren sind auch \u00fcber Ostern rund um die Uhr einsatzbereit, um in Not und Gefahr zu helfen. Wir w\u00fcnschen<\/p>\n","protected":false},"author":4,"featured_media":0,"parent":0,"menu_order":0,"comment_status":"closed","ping_status":"closed","template":"","meta":{"footnotes":""},"class_list":["post-1513","page","type-page","status-publish","hentry"],"_links":{"self":[{"href":"https:\/\/feuerwehr-suelfeld.de\/feuerwehr\/wp-json\/wp\/v2\/pages\/1513","targetHints":{"allow":["GET"]}}],"collection":[{"href":"https:\/\/feuerwehr-suelfeld.de\/feuerwehr\/wp-json\/wp\/v2\/pages"}],"about":[{"href":"https:\/\/feuerwehr-suelfeld.de\/feuerwehr\/wp-json\/wp\/v2\/types\/page"}],"author":[{"embeddable":true,"href":"https:\/\/feuerwehr-suelfeld.de\/feuerwehr\/wp-json\/wp\/v2\/users\/4"}],"replies":[{"embeddable":true,"href":"https:\/\/feuerwehr-suelfeld.de\/feuerwehr\/wp-json\/wp\/v2\/comments?post=1513"}],"version-history":[{"count":9,"href":"https:\/\/feuerwehr-suelfeld.de\/feuerwehr\/wp-json\/wp\/v2\/pages\/1513\/revisions"}],"predecessor-version":[{"id":1527,"href":"https:\/\/feuerwehr-suelfeld.de\/feuerwehr\/wp-json\/wp\/v2\/pages\/1513\/revisions\/1527"}],"wp:attachment":[{"href":"https:\/\/feuerwehr-suelfeld.de\/feuerwehr\/wp-json\/wp\/v2\/media?parent=1513"}],"curies":[{"name":"wp","href":"https:\/\/api.w.org\/{rel}","templated":true}]}}