{"id":292,"date":"2016-03-01T23:21:48","date_gmt":"2016-03-01T22:21:48","guid":{"rendered":"http:\/\/feuerwehr-suelfeld.de\/feuerwehr\/?page_id=292"},"modified":"2024-06-05T22:33:37","modified_gmt":"2024-06-05T20:33:37","slug":"neuigkeiten","status":"publish","type":"page","link":"https:\/\/feuerwehr-suelfeld.de\/feuerwehr\/","title":{"rendered":"Neuigkeiten"},"content":{"rendered":"<style type=\"text\/css\">\n\t\/**\n\t * Table of Contents\n\t *\n\t * 1.0 - Pagination\n\t * 2.0 - Social Media Icon\n\t * 3.0 - Default Blog Template\n\t * 4.0 - Classical Template\n\t * 5.0 - Light Breeze Template\n\t * 6.0 - Spektrum Template\n\t * 7.0 - Evolution Template\n\t * 8.0 - Timeline Template\n\t * 9.0 - News Template\n\t * 10.0 - Sallet Template\n\t * 11.0 - Media Grid Template\n\t * 12.0 - Crayon Slider Template\n\t * 13.0 - Blog-Carousel Template\n\t * 14.0 - Blog-Grid-Box Template\n\t * 15.0 - Ticker Template\n\t *\n\t *\/\n\t\/**\n\t * 1.0 - Pagination\n\t *\/\n\t.bdp-load-more a.button.bdp-load-more-btn {\n\t\tbackground-color: #2e93ea;\t\tcolor: #cecece;\t\tfont-size:14px;\t}\n\t.bd_pagination_box.wl_pagination_box .paging-navigation ul.page-numbers li a.page-numbers:hover,\n\t.bd_pagination_box.wl_pagination_box .paging-navigation ul.page-numbers li > span.current {\n\t\tbackground-color: #2e93ea;\t\tcolor: #cecece;\t\tfont-size:14px;\t}\n\t.bd_pagination_box.wl_pagination_box .paging-navigation ul.page-numbers li a.page-numbers {\n\t\tbackground-color: #cecece;\t\tcolor: #2e93ea;\t\tfont-size:14px;\t}\n\t.bd_pagination_box.wl_pagination_box .paging-navigation ul.page-numbers li a.page-numbers.dots {\n\t\tfont-size:14px !important;\t}\n\t\/**\n\t * 2.0 - Social Media Icon\n\t *\/    \n\t.blog_template .social-component a {\n\t\tborder-radius: 100%;\t}\n\t\/**\n\t * Post Title Setting\n\t *\/\n\t.bdp_blog_template .blog_header h2 a span,\n    .bdp_blog_template .bd-blog-header h2 a span,\n\t.glossary .blog_header h2 a span,\n\t.bdp_blog_template.media-grid .blog_header h2 a span,\n\t.bdp_blog_template.timeline .desc h3 a span,\n\t.blog_template.blog-grid-box h2.post_title a span{\n\t\t\t\t\t\t\t\tword-break : normal;\n\t\t\t\t\t\n\t}\n\n\t\/**\n\t * 3.0 - Default Blog Template\n\t *\/\n\t\t\t\/* .bdp_blog_template.nicy .blog_header h2, *\/\n\t\t.blog_template.sallet_slider h2,\n\t\t.blog_template.crayon_slider .blog_header h2,\n\t\t.glossary .blog_header h2,\n\t\t.bdp_blog_template .bd-blog-header h2 {        \n\t\t\tbackground: #ffffff\t\t}\n\t\t.blog_template .bd-more-tag-inline {\n\t\tcolor: #cecece !important;\t\tfont-size:14px;\t}\n\t\t\t.bdp_blog_template .blog_header h2 a,\n\t\t.bdp_blog_template .bd-blog-header h2 a,\n\t\t.bdp_blog_template .bd_ad_container h4 {\n\t\t\tcolor: #e0261d !important;\t\t\tfont-size: 35px;\t\t\tbackground-color: #ffffff !important;\n\t\t}\n\t\t.bdp_blog_template .blog_header h2,\n\t\t.bdp_blog_template .bd-blog-header h2,\n\t\t.blog_template .bd_ad_container h4 {\n\t\t\tfont-size: 35px;\t\t}\n\t\t.post_content-inner p,\n\t.bd-post-content {\n\t\tcolor:#999999;\t\tfont-size:14px;\t}\n\t.bdp_blog_template .bd-metacats,\n\t.bd-tags,\n\tspan.bd-category-link,\n\t.bdp_blog_template .author,\n\t.bdp_blog_template .date,\n\t.bdp_blog_template .bd-categories,\n\t.bdp_blog_template.evolution .bd-categories a,\n\t.bdp_blog_template .bd-categories a,\n\t.bd-meta-data-box .bd-metacats,\n\t.bd-meta-data-box .bd-metacomments,\n\t.bd-meta-data-box .bd-metacomments span,\n\t.bdp_blog_template .date i, .bdp_blog_template .author i, .bdp_blog_template .comment i,\n\t.bd-tags a,\n\tspan.bd-category-link a,\n\t.bd-metadatabox p,\n\tspan .bd-link-label,\n\t.bdp_blog_template .blog_footer span,\n\t.bd-metacomments i,\n\t.date_wrap i,\n\t.bdp_blog_template a,\n\t.bdp_blog_template .post_content,\n\t.bd-categories i,\n\t.bdp_blog_template.spektrum .post-bottom .post-by,\n\t.bdp_blog_template.spektrum .post-bottom .bd-tags,\n\t.bd-metadatabox,\n\t.bdp_blog_template.news .bd-blog-header .bd-metadatabox a,\n\t.bdp_blog_template.news .post-content-div .post_cat_tag > span i,\n\t.bdp_blog_template .bd-meta-data-box .bd-metadate, .bdp_blog_template .bd-meta-data-box .bd-metauser, .bdp_blog_template .bd-meta-data-box .bd-metacats,\n\t.bd-meta-data-box .bd-metacats a,\n\t.bd-meta-data-box .bd-metacomments a,\n\t.bdp_blog_template.box-template .bd-tags,\n\t.bdp_blog_template .datetime,\n\t.bdp_blog_template .link-lable,\n\t.bdp_blog_template .post-date\n\t.bdp_blog_template .bd_ad_container p, .blog_template .bd_ad_container, .bdp_blog_template .post-date, .bdp_blog_template .post-comment span {\n\t\tfont-size:14px;\t}\n\t.bdp_blog_template .date,\n\t.bdp_blog_template .comment,\n\t.bdp_blog_template .author .bd-icon-author,\n\t.bdp_blog_template .author,\n\t.bdp_blog_template.news .post-content-div .post_cat_tag > span i ,\n\t.bdp_blog_template .post-by,\n\t.bdp_blog_template .bd-categories i,\n\t.bdp_blog_template .bd-metacats i,\n\t.bdp_blog_template .category-link i,\n\t.bdp_blog_template .bd-tags i,\n\t.bdp_blog_template .bd-metacomments,\n\t.bdp_blog_template .date_wrap i,\n\t.bdp_blog_template .post-date,\n\t.bdp_blog_template .link-lable,\n\t.bdp_blog_template .datetime,\n\t.bdp_blog_template.glossary .post-author span,\n\t.bdp_blog_template .post_content-inner p,\n\t.bdp_blog_template .post_content,\n\t.bdp_blog_template .tags i {\n\t\tcolor:#999999;\t}\n\t.bdp_blog_template .bd-meta-data-box {\n\t\tcolor:#999999;\t}\n\t\t\t.bd-metadatabox {\n\t\t\tcolor:#999999;\t\t}\n\t\t.bd-link-label {\n\t\tcolor:#999999;\t}\n\t.bdp_blog_template a.bd-more-tag {\n\t\tbackground-color: #2e93ea!important;\t\tcolor: #cecece!important;\t}\n\t\t\t.bdp_blog_template a.bd-more-tag:hover {\n\t\t\tbackground-color: #cecece!important;\t\t\tcolor: #2e93ea!important;\t\t}\n\t\t.bdp_blog_template i {\n\t\tfont-style: normal !important;\n\t}\n\t\t\t.bd-tags,\n\t\tspan.bd-category-link,\n\t\t.bdp_blog_template .bd-categories,\n\t\t.bd-meta-data-box .bd-metacats,\n\t\t.bd-meta-data-box .bd-metacats a,\n\t\t.bd-meta-data-box .bd-metacomments a,\n\t\t.bdp_blog_template .bd-categories a,\n\t\t.bd-post-content a,\n\t\t.bd-tags a,\n\t\tspan.bd-category-link a,\n\t\t.bdp_blog_template .tags,\n\t\t.bdp_blog_template a {\n\t\t\tcolor:#e0261d !important;\n\t\t\tfont-weight: normal !important;\n\t\t}\n\t\t\t\t.bd-meta-data-box .bd-metacats a:hover,\n\t\t.bd-meta-data-box .bd-metacomments a:hover,\n\t\t.bdp_blog_template .bd-categories a:hover,\n\t\t.spektrum .post-bottom .bd-categories a:hover,\n\t\t.bd-post-content a:hover,\n\t\t.bd-tags a:hover,\n\t\tspan.bd-category-link a:hover,\n\t\t.bdp_blog_template a:hover,\n\t\t.bd-post-content a:hover {\n\t\t\tcolor:#ed9e1e !important;\n\t\t}\n\t\t\t\t.bdp_blog_template.evolution,\n\t\t.bdp_blog_template.lightbreeze {\n\t\t\tbackground: #ffffff;\n\t\t}\n\t\t\t\t\/**\n\t * 4.0 - Classical Template\n\t *\/\n\t.bdp_blog_template.classical .bd-blog-header .bd-tags {\n\t\tcolor: #e0261d;\t}\n\t\/**\n\t * 5.0 - Light Breeze Template\n\t *\/\n\t\/**\n\t * 6.0 - Spektrum Template\n\t *\/\n\t.bdp_blog_template.spektrum .bd-blog-header {\n\t\tbackground:#ffffff;\t}\n\t\t\t.spektrum .date {\n\t\t\tbackground-color: #e0261d;\n\t\t}\n\t\t\t\t.spektrum .post-bottom .bd-categories a {\n\t\t\tcolor: #e0261d;\n\t\t}\n\t\t\t\t.spektrum .details a {\n\t\t\tcolor :#cecece !important;\n\t\t\tfont-size:14px;\t\t}\n\t\t\t\t.spektrum .details a:hover {\n\t\t\tcolor :#2e93ea;\n\t\t}\n\t\t\/**\n\t * 7.0 - Evolution Template\n\t *\/\n\t\/**\n\t * 8.0 - Timeline Template\n\t *\/\n\t.timeline_bg_wrap:before {\n\t\tbackground: none repeat scroll 0 0 #ffffff;\n\t}\n\t.bd-datetime, .timeline_year span.year_wrap {\n\t\tbackground: none repeat scroll 0 0 #ffffff;\n\t}\n\t.bdp_blog_template.timeline .post_hentry > p > i {\n\t\tbackground: #ffffff;\t}\n\t.bdp_blog_template.timeline:nth-child(2n+1) .post_content_wrap:before,\n\t.bdp_blog_template.timeline:nth-child(2n+1) .post_content_wrap:after {\n\t\tborder-left: 8px solid #ffffff;\n\t}\n\t.rtl .bdp_blog_template.timeline:nth-child(2n+1) .post_content_wrap:before,\n\t.rtl .bdp_blog_template.timeline:nth-child(2n+1) .post_content_wrap:after {\n\t\tborder-right: 8px solid #ffffff;\n\t}\n\t.bdp_blog_template.timeline:nth-child(2n) .post_content_wrap:before,\n\t.bdp_blog_template.timeline:nth-child(2n) .post_content_wrap:after {\n\t\tborder-right: 8px solid #ffffff;\n\t}\n\t.rtl .bdp_blog_template.timeline:nth-child(2n) .post_content_wrap:before,\n\t.rtl .bdp_blog_template.timeline:nth-child(2n) .post_content_wrap:after {\n\t\tborder-left: 8px solid #ffffff;\n\t}\n\t.post_content_wrap {\n\t\tborder:1px solid #ffffff;\n\t}\n\t.bdp_blog_template .post_content_wrap .blog_footer {\n\t\tborder-top: 1px solid #ffffff ;\n\t}\n\t.bdp_blog_template .post-icon {\n\t\tbackground:#ffffff;\t}\n\t.bdp_blog_template.timeline .desc h3 a{\n\t\tcolor: #e0261d !important;\t\tbackground:#ffffff !important;\t\tfont-size: 35px;\t}\n\n\t\/*media query*\/\n\t@media screen and (max-width: 991px) {\n\t\t.bdp_blog_template.timeline:nth-child(2n+1) .post_content_wrap:before,\n\t\t.bdp_blog_template.timeline:nth-child(2n+1) .post_content_wrap:after {\n\t\t\tborder-right: 8px solid #ffffff;\n\t\t}\n\t}\n\t\/**\n\t * 9.0 - News Template\n\t *\/\n\t\t\t.bdp_blog_template.news .bd-blog-header h2.title a{\n\t\t\tcolor: #e0261d;\t\t\tfont-size: 35px;\t\t}\n\t\t\/* .blog_template.boxy-clean .blog_header h2, *\/\n\t.bdp_blog_template.news .bd-blog-header h2.title{\n\t\tbackground: #ffffff\t}\n\t.bdp_blog_template.news {\n\t\tbackground-color: #ffffff\t}\n\t.bdp_blog_template.news a.bd-more-tag{\n\t\tfloat: right !important;\n\t}\n\t.blog_template.boxy-clean ul li:hover,\n\t.blog_template.boxy-clean ul li:hover .blog_header h2 {\n\t\tbackground: ;\n\t}\n\t.glossary .post_content-inner {\n\t\tborder-color: #ffffff;\t}\n\t.blog_template.boxy-clean .blog_wrap.bdp_blog_template .author {\n\t\tbackground: #ffffff;\t}\n\t\/** 10.0 - Sallet Template *\/\n\t.bdp_blog_template.sallet_slider .blog_header > div > div > div {\n\t\tbackground: #ffffff;\t}\n\t.bdp_blog_template.sallet_slider .blog_header > div > div > div::before {\n\t\tbackground: #ffffff none repeat scroll 0 0;\t}\n\t.bdp_blog_template.sallet_slider.right {\n\t\tbackground: #ffffff ;\t}\n\t.blog_template.sallet_slider .category-link a {\n\t\tbackground: #ffffff ;\t\tcolor: #fff !important;\n\t}\n\t\/** 11.0 - Media Grid Template *\/\n\t.bdp_blog_template.media-grid .blog_header h2 a {\n\t\tbackground: #ffffff\t}\n\t.bdp_blog_template.media-grid .bd-metacats {\n\t\tbackground: #ffffff\t}\n\n\t.bdp_blog_template.media-grid .bd-metacats:hover{\n\t\t\t}\n\n\t.bdp_blog_template.media-grid .post-meta .postdate {\n\t\tfont-size: 14px\t}\n\t\/** 12.0 - Crayon Slider Template *\/\n\t\t\t\/** 13.0 - Blog Carousel Template *\/\n\tli.blog_template.bdp_blog_template.blog_carousel {\n\t\tbackground: #ffffff\t}\n\t.blog_template.blog_carousel .blog_header:hover {\n\t\t}\n\t\/** 14.0 - Blog-Grid-Box Template *\/\n\t.blog_template.blog-grid-box .bd-more-next-line a {\n\t\tbackground: #2e93ea;\t\tcolor: #cecece\t}\n\t.blog_template.blog-grid-box .post-comment a,\n\t.blog_template.blog-grid-box .mauthor .author a,\n\t.blog_template.blog-grid-box .bd-metacats a,\n\t.blog_template.blog-grid-box .mdate a {\n\t\tcolor: #e0261d\t}\n\t.blog_template.blog-grid-box .post-comment a:hover,\n\t.blog_template.blog-grid-box .mauthor .author a:hover,\n\t.blog_template.blog-grid-box .bd-metacats a:hover,\n\t.blog_template.blog-grid-box .mdate a:hover {\n\t\tcolor: #ed9e1e\t}\n\t.blog_template.blog-grid-box .post_title a {\n\t\tcolor: #e0261d;background: #ffffff;font-size: 35px\t}\n\t.blog_template.blog-grid-box .post_content {\n\t\tcolor: #999999;font-size: 14px\t}\n\t.blog_template.blog-grid-box {\n\t\tbackground: #ffffff\t}\n\n\t\/** 15.0 - Ticker Template *\/\n\t#blog-ticker-style-1 {\n\t\tborder-color: #ffffff\t}\n\t#blog-ticker-style-1 .ticker-title {\n\t\tbackground-color: #ffffff\t}\n\t#blog-ticker-style-1 .ticker-style-title {\n\t\t\t}\n\t#blog-ticker-style-1 .ticker-title>span {\n\t\tborder-color: transparent transparent transparent#ffffff\t}\n\t#blog-ticker-style-1 .blog-tickers a:hover {\n\t\tcolor: #ffffff\t}\n\t#blog-ticker-style-1 .blog-tickers a {\n\t\tcolor: #e0261d\t}\n\t<\/style>\n<div class=\"bdp_wrapper\"><div class='bdp-load-more-pre'>\t\t<div class=\"blog_template bdp_blog_template news \">\n\t\t\t\t\t\t<div class=\"post-content-div full_with_class\">\n\t\t\t\t<div class=\"bd-blog-header\">\n\t\t\t\t\t\t\t\t\t\t\t<p class=\"bd_date_cover\"><span class=\"date\">7. Februar 2026<\/span><\/p><h2 class=\"title\"><a href=\"https:\/\/feuerwehr-suelfeld.de\/feuerwehr\/2026\/02\/07\/jahreshauptversammlung-2026\/\"><span>Jahreshauptversammlung 2026<\/span><\/a><\/h2>\n\t\t\t\t\t\t\t\t\t<\/div>\n\t\t\t\t<div class=\"bd-post-content\">\n\t\t\t\t\tAm Freitag den 06.02.2026 fand im Jugendraum der Sporthalle S\u00fclfeld unsere diesj\u00e4hrige Jahreshauptversammlung statt.\nOrtswehrf\u00fchrer John-David von Elm er\u00f6ffnete die Versammlung, begr\u00fc\u00dfte die G\u00e4ste und f\u00fchrte uns durch die Mitgliederversammlung.Nach einer kr\u00e4ftigen St\u00e4rkung verlas Schriftf\u00fchrer Manuel Pl\u00f6ger den Jahresbericht.Der stv. Ortswehrf\u00fchrer Dirk Grote lie\u00df unsere Eins\u00e4tze Revue passieren und f\u00fchrte in den Dienstplan und die geplanten Veranstaltungen 2026 ein.\nIm Tagesordnungspunkt Wahlen wurden neben zwei Kassenpr\u00fcfern die Vorstandspositionen Ger\u00e4tewart (Florian Vehrens) und F\u00fchrer der Reserveabteilung (Andreas Henhappl) wiedergew\u00e4hlt. Florians Stellvertreter Alexander Hellwagen und Tom Roland wurden ebenfalls im Amt best\u00e4tigt.\nF\u00fcr 10 j\u00e4hrige aktive Mitgliedschaft wurde Max Stolten geehrt.Der stv. Ortswehrf\u00fchrer Dirk Grote wurden vom Ortswehrf\u00fchrer John-David von Elm und B\u00fcrgermeister Marek Krysiak (selbst Feuerwehrkamerad) f\u00fcr 30 j\u00e4hrige aktive Mitgliedschaft geehrt.\nJuliane Seiberth wurde zur Oberfeuerwehrfrau und Tim Jeske zum Oberfeuerwehrmann bef\u00f6rdert.Max Stolten wurde zum Hauptfeuerwehrmann und Kassenf\u00fchrer Timm Bauer zum Hauptfeuerwehrmann &#8211; drei Sterne bef\u00f6rdert.Nach erfolgreichem Abschluss des Gruppenf\u00fchrerlehrganges an der Landesfeuerwehrschule wurde Nik-Ferris Lorenz zum L\u00f6schmeister bef\u00f6rdert.Ebenfalls nach Abschluss der notwendigen Landeslehrg\u00e4nge bef\u00f6rderte der stv. Kreisbrandmeister Andr\u00e9 Folta unseren Amtswehrf\u00fchrer Sven Redelin zum Hauptbrandmeister &#8211; drei Sterne.\nNach den zahlreichen Gru\u00dfworte der u. a. umliegenden Gemeindefeuerwehren Nienwohld, Elmenhorst, Gro\u00df Niendorf und Grabau wurde die Versammlung geschlossen und wir pflegten noch einige Stunden die Kameradschaft in geselliger Runde mit guten Gespr\u00e4chen.\t\t\t\t<\/div>\n\t\t\t\t\t\t\t\t\t<div class=\"post_cat_tag\">\n\t\t\t\t\t\t\t\t\t\t\t\t\t<span class=\"bd-category-link\">\n\t\t\t\t\t\t\t\t<i class=\"fas fa-bookmark\"><\/i><a href=\"https:\/\/feuerwehr-suelfeld.de\/feuerwehr\/category\/allgemein\/\" rel=\"category tag\">Allgemein<\/a>\t\t\t\t\t\t\t<\/span>\n\t\t\t\t\t\t\t\t\t\t\t\t<\/div>\n\t\t\t\t\t\t\t\t\t<div class=\"bd-post-footer\">\n\t\t\t\t\t\t\t\t\t\t\t\t\t\t<\/div><\/div><\/div>\n\t\t\t\t<div class=\"blog_template bdp_blog_template news \">\n\t\t\t\t\t\t<div class=\"post-content-div full_with_class\">\n\t\t\t\t<div class=\"bd-blog-header\">\n\t\t\t\t\t\t\t\t\t\t\t<p class=\"bd_date_cover\"><span class=\"date\">9. Februar 2025<\/span><\/p><h2 class=\"title\"><a href=\"https:\/\/feuerwehr-suelfeld.de\/feuerwehr\/2025\/02\/09\/jahreshauptversammlung-2025\/\"><span>Jahreshauptversammlung 2025<\/span><\/a><\/h2>\n\t\t\t\t\t\t\t\t\t<\/div>\n\t\t\t\t<div class=\"bd-post-content\">\n\t\t\t\t\tAm Freitag den 07.02. fand unsere j\u00e4hrliche Jahreshauptversammlung im Jugendraum der Sporthalle S\u00fclfeld statt.\nNach der Er\u00f6ffnung der Versammlung durch den Ortswehrf\u00fchrer John-David von Elm und einer Spanferkelbuffet, f\u00fchrte die Tagesordnung \u00fcber den Jahresbericht der Wehr, der Jugendfeuerwehr und den Kassenbericht zu den Wahlen.\nTurnusm\u00e4\u00dfig stand die Ortswehrf\u00fchrung und Stellvertretung zur Wahl. John-David und Dirk konnten sich das Vertrauen der Kameraden erneut sichern und werden die Wehr in eine dritte Amtszeit f\u00fchren.\nDie zahlreichen Ehrungen und Bef\u00f6rderungen sind in den weiteren Bildern anschaulich erkl\u00e4rt.\nBemerkenswert ist, dass wir im vergangenen Jahr nach einigen Abg\u00e4ngen ganze sechs vollausgebildete Neuzug\u00e4nge verzeichnen konnten.\nAu\u00dferdem konnten wir mit Juliane Seiberth eine Kameradin aus der Jugendabteilung in den Einsatzdienst \u00fcbernehmen.\t\t\t\t<\/div>\n\t\t\t\t\t\t\t\t\t<div class=\"post_cat_tag\">\n\t\t\t\t\t\t\t\t\t\t\t\t\t<span class=\"bd-category-link\">\n\t\t\t\t\t\t\t\t<i class=\"fas fa-bookmark\"><\/i><a href=\"https:\/\/feuerwehr-suelfeld.de\/feuerwehr\/category\/allgemein\/\" rel=\"category tag\">Allgemein<\/a>\t\t\t\t\t\t\t<\/span>\n\t\t\t\t\t\t\t\t\t\t\t\t<\/div>\n\t\t\t\t\t\t\t\t\t<div class=\"bd-post-footer\">\n\t\t\t\t\t\t\t\t\t\t\t\t\t\t<\/div><\/div><\/div>\n\t\t\t\t<div class=\"blog_template bdp_blog_template news \">\n\t\t\t\t\t\t<div class=\"post-content-div full_with_class\">\n\t\t\t\t<div class=\"bd-blog-header\">\n\t\t\t\t\t\t\t\t\t\t\t<p class=\"bd_date_cover\"><span class=\"date\">5. Juni 2024<\/span><\/p><h2 class=\"title\"><a href=\"https:\/\/feuerwehr-suelfeld.de\/feuerwehr\/2024\/06\/05\/feuerwehr-mach-mit\/\"><span>Feuerwehr &#8211; Mach mit!<\/span><\/a><\/h2>\n\t\t\t\t\t\t\t\t\t<\/div>\n\t\t\t\t<div class=\"bd-post-content\">\n\t\t\t\t\tDu bist zwischen 18 und 62 Jahren alt und hast Lust auf Technik, Spa\u00df und gute Kameradschaft?\nDann bist du bei uns goldrichtig! Werde einer von uns, werde Freiwilliger Feuerwehrmann!\nWir brauchen dich als Maschinist, Strahlrohrf\u00fchrer, Atemschutzger\u00e4tetr\u00e4ger, Spezialisten f\u00fcr Gefahrstoffe und vieles mehr!\nHaben wir dein Interesse geweckt, wende dich gerne \u00fcber unser Kontaktformular an uns.\nDu hast keine Zeit? Dann unterst\u00fctze uns, die in ihrer Freizeit 365 Tage im Jahr 7 Tage die Woche und 24h am Tag f\u00fcr Dich da sind mit einer f\u00f6rdernden Mitgliedschaft.\t\t\t\t<\/div>\n\t\t\t\t\t\t\t\t\t<div class=\"post_cat_tag\">\n\t\t\t\t\t\t\t\t\t\t\t\t\t<span class=\"bd-category-link\">\n\t\t\t\t\t\t\t\t<i class=\"fas fa-bookmark\"><\/i><a href=\"https:\/\/feuerwehr-suelfeld.de\/feuerwehr\/category\/allgemein\/\" rel=\"category tag\">Allgemein<\/a>\t\t\t\t\t\t\t<\/span>\n\t\t\t\t\t\t\t\t\t\t\t\t<\/div>\n\t\t\t\t\t\t\t\t\t<div class=\"bd-post-footer\">\n\t\t\t\t\t\t\t\t\t\t\t\t\t\t<\/div><\/div><\/div>\n\t\t\t\t<div class=\"blog_template bdp_blog_template news \">\n\t\t\t\t\t\t<div class=\"post-content-div full_with_class\">\n\t\t\t\t<div class=\"bd-blog-header\">\n\t\t\t\t\t\t\t\t\t\t\t<p class=\"bd_date_cover\"><span class=\"date\">9. Dezember 2023<\/span><\/p><h2 class=\"title\"><a href=\"https:\/\/feuerwehr-suelfeld.de\/feuerwehr\/2023\/12\/09\/wir-bringen-euch-zum-strahlen\/\"><span>Wir bringen euch zum Strahlen<\/span><\/a><\/h2>\n\t\t\t\t\t\t\t\t\t<\/div>\n\t\t\t\t<div class=\"bd-post-content\">\n\t\t\t\t\t\u201eWir bringen euch zum Strahlen\u201c ist eine Aktion vieler Landwirte, der wir heute beiwohnen durften. Sie ist zugunsten Krebskranker Kinder und stellt sich als beleuchteter Treckerkorso von Eichede bis an das UKE in Hamburg dar.\n\n\n\nAbgesichert durch hunderte Feuerwehreinsatzkr\u00e4fte und der Polizei f\u00fchrte der Korso unter anderem durch Bargteheide.Die Freiwillige Feuerwehr Bargteheide hat uns gefragt, ob wir an den Sicherungsma\u00dfnahmen teilnehmen w\u00fcrden und wir bedanken uns sehr an so einer tollen Aktion dabei gewesen sein zu d\u00fcrfen. Wir w\u00fcrden euch gerne auch zuk\u00fcnftig dabei unterst\u00fctzen!\n\n\n\nMit unseren beiden Gro\u00dffahrzeugen haben wir in der Rathausstra\u00dfe Absperrungen vorgenommen.\t\t\t\t<\/div>\n\t\t\t\t\t\t\t\t\t<div class=\"post_cat_tag\">\n\t\t\t\t\t\t\t\t\t\t\t\t\t<span class=\"bd-category-link\">\n\t\t\t\t\t\t\t\t<i class=\"fas fa-bookmark\"><\/i><a href=\"https:\/\/feuerwehr-suelfeld.de\/feuerwehr\/category\/allgemein\/\" rel=\"category tag\">Allgemein<\/a>\t\t\t\t\t\t\t<\/span>\n\t\t\t\t\t\t\t\t\t\t\t\t<\/div>\n\t\t\t\t\t\t\t\t\t<div class=\"bd-post-footer\">\n\t\t\t\t\t\t\t\t\t\t\t\t\t\t<\/div><\/div><\/div>\n\t\t\t\t<div class=\"blog_template bdp_blog_template news \">\n\t\t\t\t\t\t\t<div class=\"bd-post-image\">\n\t\t\t\t\t<a href=\"https:\/\/feuerwehr-suelfeld.de\/feuerwehr\/2019\/03\/30\/modernes-equipment-zum-retten-von-menschenleben\/\"><img loading=\"lazy\" decoding=\"async\" width=\"1500\" height=\"1000\" src=\"https:\/\/feuerwehr-suelfeld.de\/feuerwehr\/wp-content\/uploads\/2019\/03\/DSC_7176-1.jpg\" class=\"attachment-full size-full wp-post-image\" alt=\"\" srcset=\"https:\/\/feuerwehr-suelfeld.de\/feuerwehr\/wp-content\/uploads\/2019\/03\/DSC_7176-1.jpg 1500w, https:\/\/feuerwehr-suelfeld.de\/feuerwehr\/wp-content\/uploads\/2019\/03\/DSC_7176-1-300x200.jpg 300w, https:\/\/feuerwehr-suelfeld.de\/feuerwehr\/wp-content\/uploads\/2019\/03\/DSC_7176-1-768x512.jpg 768w, https:\/\/feuerwehr-suelfeld.de\/feuerwehr\/wp-content\/uploads\/2019\/03\/DSC_7176-1-1024x683.jpg 1024w\" sizes=\"auto, (max-width: 1500px) 100vw, 1500px\" \/><\/a>\n\t\t\t\t<\/div>\n\t\t\t\t\t\t\t<div class=\"post-content-div\">\n\t\t\t\t<div class=\"bd-blog-header\">\n\t\t\t\t\t\t\t\t\t\t\t<p class=\"bd_date_cover\"><span class=\"date\">30. M\u00e4rz 2019<\/span><\/p><h2 class=\"title\"><a href=\"https:\/\/feuerwehr-suelfeld.de\/feuerwehr\/2019\/03\/30\/modernes-equipment-zum-retten-von-menschenleben\/\"><span>Modernes Equipment zum Retten von Menschenleben<\/span><\/a><\/h2>\n\t\t\t\t\t\t\t\t\t<\/div>\n\t\t\t\t<div class=\"bd-post-content\">\n\t\t\t\t\tMit dem heutigen Tage wurde der First-Responder Einheit der FF S\u00fclfeld eine neue Absaugpumpe \u00fcbergeben, mit welcher die Ersthelfer im Ernstfall Sekrete und Blut aus den Atemwegen des Verunfallten oder Erkrankten Patienten absaugen k\u00f6nnen. Insbesondere bei Wiederbelebungsma\u00dfnahmen oder schweren Unf\u00e4llen ist dieses unbedingt notwendig.\n\n\n\n\n\n\n\nDie neue automatische Pumpe ersetzt eine alte handbetriebene Pumpe und wurde rein aus Spenden finanziert. Hierf\u00fcr schlossen sich die Unternehmer  Edeka Aktiv Markt Wittorf (Claudia Wittorf mitte-rechts im Bild), JaRei Fliesenverlegung (Jan Hein mittig im Bild) und Matthias Wegner Landtechnisches Lohnunternehmen (Matthias Wegner mitte-links im Bild) zusammen und beschafften die Absaugpumpe f\u00fcr die Freiwillige Feuerwehr S\u00fclfeld.\n\n\n\nWir bedanken uns sehr f\u00fcr diese W\u00fcrdigung unseres ehrenamtlichen Einsatzes und freuen uns \u00fcber den R\u00fcckhalt im Ort.\t\t\t\t<\/div>\n\t\t\t\t\t\t\t\t\t<div class=\"post_cat_tag\">\n\t\t\t\t\t\t\t\t\t\t\t\t\t<span class=\"bd-category-link\">\n\t\t\t\t\t\t\t\t<i class=\"fas fa-bookmark\"><\/i><a href=\"https:\/\/feuerwehr-suelfeld.de\/feuerwehr\/category\/allgemein\/\" rel=\"category tag\">Allgemein<\/a>\t\t\t\t\t\t\t<\/span>\n\t\t\t\t\t\t\t\t\t\t\t\t<\/div>\n\t\t\t\t\t\t\t\t\t<div class=\"bd-post-footer\">\n\t\t\t\t\t\t\t\t\t\t\t\t\t\t<\/div><\/div><\/div>\n\t\t<\/div><input type=\"hidden\" id=\"front_nonce\" name=\"front_nonce\" value=\"5de9f1a0a6\" \/><input type=\"hidden\" name=\"_wp_http_referer\" value=\"\/feuerwehr\/wp-json\/wp\/v2\/pages\/292\" \/><form name=\"bdp-load-more-hidden\" id=\"bdp-load-more-hidden\"><input type=\"hidden\" name=\"paged\" id=\"paged\" value=\"1\" \/><input type=\"hidden\" name=\"posts_per_page\" id=\"posts_per_page\" value=\"5\" \/><input type=\"hidden\" name=\"max_num_pages\" id=\"max_num_pages\" value=\"4\" \/><input type=\"hidden\" name=\"blog_template\" id=\"blog_template\" value=\"news\" \/><input type=\"hidden\" id=\"front_nonce\" name=\"front_nonce\" value=\"5de9f1a0a6\" \/><input type=\"hidden\" name=\"_wp_http_referer\" value=\"\/feuerwehr\/wp-json\/wp\/v2\/pages\/292\" \/><input type=\"hidden\" name=\"blog_layout\" id=\"blog_layout\" value=\"blog_layout\" \/><div style=\"display: none\" class=\"loading-image\" ><div class=\"bdp-circularG-wrapper\"><div class=\"bdp-circularG bdp-circularG_1\"><\/div><div class=\"bdp-circularG bdp-circularG_2\"><\/div><div class=\"bdp-circularG bdp-circularG_3\"><\/div><div class=\"bdp-circularG bdp-circularG_4\"><\/div><div class=\"bdp-circularG bdp-circularG_5\"><\/div><div class=\"bdp-circularG bdp-circularG_6\"><\/div><div class=\"bdp-circularG bdp-circularG_7\"><\/div><div class=\"bdp-circularG bdp-circularG_8\"><\/div><\/div><\/div><\/form><div class=\"bdp-load-more text-center\" style=\"float:left;width:100%\"><a href=\"javascript:void(0)\" class=\"button bdp-load-more-btn template-1\">Weitere laden ...<\/a><\/div><\/div>\n","protected":false},"excerpt":{"rendered":"","protected":false},"author":2,"featured_media":0,"parent":0,"menu_order":0,"comment_status":"closed","ping_status":"closed","template":"","meta":{"footnotes":""},"class_list":["post-292","page","type-page","status-publish","hentry"],"_links":{"self":[{"href":"https:\/\/feuerwehr-suelfeld.de\/feuerwehr\/wp-json\/wp\/v2\/pages\/292","targetHints":{"allow":["GET"]}}],"collection":[{"href":"https:\/\/feuerwehr-suelfeld.de\/feuerwehr\/wp-json\/wp\/v2\/pages"}],"about":[{"href":"https:\/\/feuerwehr-suelfeld.de\/feuerwehr\/wp-json\/wp\/v2\/types\/page"}],"author":[{"embeddable":true,"href":"https:\/\/feuerwehr-suelfeld.de\/feuerwehr\/wp-json\/wp\/v2\/users\/2"}],"replies":[{"embeddable":true,"href":"https:\/\/feuerwehr-suelfeld.de\/feuerwehr\/wp-json\/wp\/v2\/comments?post=292"}],"version-history":[{"count":11,"href":"https:\/\/feuerwehr-suelfeld.de\/feuerwehr\/wp-json\/wp\/v2\/pages\/292\/revisions"}],"predecessor-version":[{"id":2320,"href":"https:\/\/feuerwehr-suelfeld.de\/feuerwehr\/wp-json\/wp\/v2\/pages\/292\/revisions\/2320"}],"wp:attachment":[{"href":"https:\/\/feuerwehr-suelfeld.de\/feuerwehr\/wp-json\/wp\/v2\/media?parent=292"}],"curies":[{"name":"wp","href":"https:\/\/api.w.org\/{rel}","templated":true}]}}